{"id":294,"date":"2016-07-20T22:01:55","date_gmt":"2016-07-20T22:01:55","guid":{"rendered":"http:\/\/wordix.inesctec.pt\/wp-forumoutono\/?page_id=294"},"modified":"2019-07-29T11:04:49","modified_gmt":"2019-07-29T11:04:49","slug":"noticias","status":"publish","type":"page","link":"https:\/\/forumdooutono-arquivo.inesctec.pt\/index.php\/edicoes-anteriores\/2015-2\/noticias\/","title":{"rendered":"Not\u00edcias 2015"},"content":{"rendered":"<p><a href=\"http:\/\/forumdooutono.inesctec.pt\/index.php\/edicoes-anteriores\/2015-2\/programa\/\"><span style=\"color: #652b1f;\">Programa<\/span><\/a> | <a href=\"http:\/\/forumdooutono.inesctec.pt\/index.php\/edicoes-anteriores\/2015-2\/galeria-multimedia\/\"><span style=\"color: #652b1f;\">Galeria Multim\u00e9dia<\/span><\/a> | <a href=\"http:\/\/forumdooutono.inesctec.pt\/index.php\/edicoes-anteriores\/2015-2\/apresentacoes\/\"><span style=\"color: #652b1f;\">Apresenta\u00e7\u00f5es<\/span><\/a><\/p>\n<h5 class=\"documentFirstHeading\">INESC TEC inaugura <span class=\"highlightedSearchTerm\">F\u00f3rum<\/span> <span class=\"highlightedSearchTerm\">do<\/span> <span class=\"highlightedSearchTerm\">Outono<\/span> com debate (Local)<\/h5>\n<p>Ler not\u00edcia \u00bb<\/p>\n<hr>\n<h5 class=\"documentFirstHeading\">INESC TEC comemora 30 anos com &#8220;<span class=\"highlightedSearchTerm\">F\u00f3rum<\/span> <span class=\"highlightedSearchTerm\">do<\/span> <span class=\"highlightedSearchTerm\">outono<\/span>&#8221; e Concerto &#8220;a.bel &#8211; nova m\u00fasica interactiva&#8221;<\/h5>\n<p>Ler not\u00edcia \u00bb<\/p>\n","protected":false},"excerpt":{"rendered":"<p>Programa | Galeria Multim\u00e9dia | Apresenta\u00e7\u00f5es INESC TEC inaugura F\u00f3rum do Outono com debate (Local) Ler not\u00edcia \u00bb INESC TEC comemora 30 anos com &#8220;F\u00f3rum do outono&#8221; e Concerto &#8220;a.bel &#8211; nova m\u00fasica interactiva&#8221; Ler not\u00edcia \u00bb<\/p>\n","protected":false},"author":2,"featured_media":0,"parent":98,"menu_order":3,"comment_status":"closed","ping_status":"closed","template":"","meta":{"ngg_post_thumbnail":0,"footnotes":""},"_links":{"self":[{"href":"https:\/\/forumdooutono-arquivo.inesctec.pt\/index.php\/wp-json\/wp\/v2\/pages\/294"}],"collection":[{"href":"https:\/\/forumdooutono-arquivo.inesctec.pt\/index.php\/wp-json\/wp\/v2\/pages"}],"about":[{"href":"https:\/\/forumdooutono-arquivo.inesctec.pt\/index.php\/wp-json\/wp\/v2\/types\/page"}],"author":[{"embeddable":true,"href":"https:\/\/forumdooutono-arquivo.inesctec.pt\/index.php\/wp-json\/wp\/v2\/users\/2"}],"replies":[{"embeddable":true,"href":"https:\/\/forumdooutono-arquivo.inesctec.pt\/index.php\/wp-json\/wp\/v2\/comments?post=294"}],"version-history":[{"count":22,"href":"https:\/\/forumdooutono-arquivo.inesctec.pt\/index.php\/wp-json\/wp\/v2\/pages\/294\/revisions"}],"predecessor-version":[{"id":1879,"href":"https:\/\/forumdooutono-arquivo.inesctec.pt\/index.php\/wp-json\/wp\/v2\/pages\/294\/revisions\/1879"}],"up":[{"embeddable":true,"href":"https:\/\/forumdooutono-arquivo.inesctec.pt\/index.php\/wp-json\/wp\/v2\/pages\/98"}],"wp:attachment":[{"href":"https:\/\/forumdooutono-arquivo.inesctec.pt\/index.php\/wp-json\/wp\/v2\/media?parent=294"}],"curies":[{"name":"wp","href":"https:\/\/api.w.org\/{rel}","templated":true}]}}