{"id":290,"date":"2016-07-20T22:01:02","date_gmt":"2016-07-20T22:01:02","guid":{"rendered":"http:\/\/wordix.inesctec.pt\/wp-forumoutono\/?page_id=290"},"modified":"2019-07-29T11:03:05","modified_gmt":"2019-07-29T11:03:05","slug":"galeria-multimedia","status":"publish","type":"page","link":"https:\/\/forumdooutono-arquivo.inesctec.pt\/index.php\/edicoes-anteriores\/2015-2\/galeria-multimedia\/","title":{"rendered":"Galeria Multim\u00e9dia 2015"},"content":{"rendered":"<p>&nbsp;<\/p>\n<h5>Fotografias<\/h5>\n<p><a href=\"http:\/\/forumdooutono.inesctec.pt\/index.php\/edicao-de-2015\/2015-2\/programa\/\"><span style=\"color: #652b1f;\">Programa<\/span><\/a> | <a href=\"http:\/\/forumdooutono.inesctec.pt\/index.php\/edicao-de-2015\/2015-2\/apresentacoes\/\"><span style=\"color: #652b1f;\">Apresenta\u00e7\u00f5es<\/span><\/a> | <a href=\"http:\/\/forumdooutono.inesctec.pt\/index.php\/edicao-de-2015\/2015-2\/noticias\/\"><span style=\"color: #652b1f;\">Not\u00edcias<\/span><\/a><br \/>\n<p>Invalid Displayed Gallery<\/p><\/p>\n<hr>\n<h5>V\u00eddeos<\/h5>\n<p id=\"content-title\">F\u00f3rum INESC TEC do Outono 2015: TVU entrevista Pedro Guedes de Oliveira<\/p>\n<p><a href=\"http:\/\/tv.up.pt\/videos\/rzf-xomx\">Ver v\u00eddeo \u00bb<\/a><\/p>\n<hr>\n<p id=\"content-title\">F\u00f3rum INESC TEC do Outono 2015: reportagem TVU<\/p>\n<p><a href=\"http:\/\/tv.up.pt\/videos\/2nngvplm\">Ver v\u00eddeo \u00bb<\/a><\/p>\n<hr>\n<p id=\"content-title\">F\u00f3rum INESC TEC do Outono 2015: 2\u00aa parte<\/p>\n<p><a href=\"http:\/\/tv.up.pt\/videos\/g_ymy5ux\">Ver v\u00eddeo \u00bb<\/a><\/p>\n<hr>\n<p id=\"content-title\">F\u00f3rum INESC TEC do Outono 2015: 1\u00aa parte<\/p>\n<p><a href=\"http:\/\/tv.up.pt\/videos\/mftyowyq\">Ver v\u00eddeo \u00bb<\/a>[:]<\/p>\n","protected":false},"excerpt":{"rendered":"<p>&nbsp; Fotografias Programa | Apresenta\u00e7\u00f5es | Not\u00edcias Invalid Displayed Gallery V\u00eddeos F\u00f3rum INESC TEC do Outono 2015: TVU entrevista Pedro Guedes de Oliveira Ver v\u00eddeo \u00bb F\u00f3rum INESC TEC do Outono 2015: reportagem TVU Ver v\u00eddeo \u00bb F\u00f3rum INESC TEC do Outono 2015: 2\u00aa parte Ver v\u00eddeo \u00bb F\u00f3rum INESC TEC do Outono 2015: 1\u00aa [&hellip;]<\/p>\n","protected":false},"author":2,"featured_media":0,"parent":98,"menu_order":2,"comment_status":"closed","ping_status":"closed","template":"","meta":{"ngg_post_thumbnail":0,"footnotes":""},"_links":{"self":[{"href":"https:\/\/forumdooutono-arquivo.inesctec.pt\/index.php\/wp-json\/wp\/v2\/pages\/290"}],"collection":[{"href":"https:\/\/forumdooutono-arquivo.inesctec.pt\/index.php\/wp-json\/wp\/v2\/pages"}],"about":[{"href":"https:\/\/forumdooutono-arquivo.inesctec.pt\/index.php\/wp-json\/wp\/v2\/types\/page"}],"author":[{"embeddable":true,"href":"https:\/\/forumdooutono-arquivo.inesctec.pt\/index.php\/wp-json\/wp\/v2\/users\/2"}],"replies":[{"embeddable":true,"href":"https:\/\/forumdooutono-arquivo.inesctec.pt\/index.php\/wp-json\/wp\/v2\/comments?post=290"}],"version-history":[{"count":21,"href":"https:\/\/forumdooutono-arquivo.inesctec.pt\/index.php\/wp-json\/wp\/v2\/pages\/290\/revisions"}],"predecessor-version":[{"id":1877,"href":"https:\/\/forumdooutono-arquivo.inesctec.pt\/index.php\/wp-json\/wp\/v2\/pages\/290\/revisions\/1877"}],"up":[{"embeddable":true,"href":"https:\/\/forumdooutono-arquivo.inesctec.pt\/index.php\/wp-json\/wp\/v2\/pages\/98"}],"wp:attachment":[{"href":"https:\/\/forumdooutono-arquivo.inesctec.pt\/index.php\/wp-json\/wp\/v2\/media?parent=290"}],"curies":[{"name":"wp","href":"https:\/\/api.w.org\/{rel}","templated":true}]}}