{"id":2738,"date":"2021-11-17T10:49:32","date_gmt":"2021-11-17T10:49:32","guid":{"rendered":"https:\/\/forumdooutono.inesctec.pt\/?page_id=2738"},"modified":"2021-11-18T14:15:55","modified_gmt":"2021-11-18T14:15:55","slug":"oradores-convidados","status":"publish","type":"page","link":"https:\/\/forumdooutono-arquivo.inesctec.pt\/index.php\/oradores-convidados\/","title":{"rendered":"Oradores convidados"},"content":{"rendered":"\t\t<div data-elementor-type=\"wp-page\" data-elementor-id=\"2738\" class=\"elementor elementor-2738\">\n\t\t\t\t\t\t<section class=\"elementor-section elementor-top-section elementor-element elementor-element-59c8fe2 elementor-section-boxed elementor-section-height-default elementor-section-height-default\" data-id=\"59c8fe2\" data-element_type=\"section\">\n\t\t\t\t\t\t<div class=\"elementor-container elementor-column-gap-default\">\n\t\t\t\t\t<div class=\"elementor-column elementor-col-100 elementor-top-column elementor-element elementor-element-b091106\" data-id=\"b091106\" data-element_type=\"column\">\n\t\t\t<div class=\"elementor-widget-wrap elementor-element-populated\">\n\t\t\t\t\t\t<div class=\"elementor-element elementor-element-5401837 elementor-widget elementor-widget-image\" data-id=\"5401837\" data-element_type=\"widget\" data-widget_type=\"image.default\">\n\t\t\t\t<div class=\"elementor-widget-container\">\n\t\t\t\t\t\t\t\t\t\t\t\t\t<img decoding=\"async\" src=\"https:\/\/forumdooutono-arquivo.inesctec.pt\/wp-content\/uploads\/2021\/11\/dimitrios-e1637146867330.jpg\" title=\"dimitrios\" alt=\"dimitrios\" loading=\"lazy\" \/>\t\t\t\t\t\t\t\t\t\t\t\t\t<\/div>\n\t\t\t\t<\/div>\n\t\t\t\t\t<\/div>\n\t\t<\/div>\n\t\t\t\t\t<\/div>\n\t\t<\/section>\n\t\t\t\t<section class=\"elementor-section elementor-top-section elementor-element elementor-element-15bd4cd elementor-section-boxed elementor-section-height-default elementor-section-height-default\" data-id=\"15bd4cd\" data-element_type=\"section\">\n\t\t\t\t\t\t<div class=\"elementor-container elementor-column-gap-default\">\n\t\t\t\t\t<div class=\"elementor-column elementor-col-100 elementor-top-column elementor-element elementor-element-869f516\" data-id=\"869f516\" data-element_type=\"column\">\n\t\t\t<div class=\"elementor-widget-wrap elementor-element-populated\">\n\t\t\t\t\t\t<div class=\"elementor-element elementor-element-40a62fa elementor-widget elementor-widget-text-editor\" data-id=\"40a62fa\" data-element_type=\"widget\" data-widget_type=\"text-editor.default\">\n\t\t\t\t<div class=\"elementor-widget-container\">\n\t\t\t\t\t\t\t<h4>Dimitrios Fotiadis<\/h4><p>Dimitrios I. Fotiadis received the degree in chemical engineering from the National Technical University of Athens, Greece, and the Ph.D. degree in chemical engineering and materials science from the University of Minnesota, Minneapolis. He is currently a Professor of Biomedical Engineering in the Department of Materials Science and Engineering, University of Ioannina, Greece, where he is also the Director of the Unit of Medical Technology and Intelligent Information Systems, and is also an Affiliated Member of Foundation for Research and Technology Hellas, Institute of Molecular Biology and Biotechnology, Dept. of Biomedical Research. He was a Visiting Researcher at the RWTH, Aachen, Germany, and the Massachusetts Institute of Technology, Boston. He has coordinated and participated in more than 250 R&amp;D funded projects. He is the author or co-author of more than 300 papers in scientific journals, 500 papers in peer-reviewed conference proceedings, and more than 50 chapters in books. He is also the author\/editor of 30 books. His work has received more than 19,000 citations. His research interests include multiscale modelling of human tissues and organs, intelligent wearable\/implantable devices for automated diagnosis, processing of big medical data, machine learning, sensor informatics, image informatics, and bioinformatics.\u00a0<\/p>\t\t\t\t\t\t<\/div>\n\t\t\t\t<\/div>\n\t\t\t\t\t<\/div>\n\t\t<\/div>\n\t\t\t\t\t<\/div>\n\t\t<\/section>\n\t\t\t\t<section class=\"elementor-section elementor-top-section elementor-element elementor-element-345fede elementor-section-boxed elementor-section-height-default elementor-section-height-default\" data-id=\"345fede\" data-element_type=\"section\">\n\t\t\t\t\t\t<div class=\"elementor-container elementor-column-gap-default\">\n\t\t\t\t\t<div class=\"elementor-column elementor-col-100 elementor-top-column elementor-element elementor-element-302cc28\" data-id=\"302cc28\" data-element_type=\"column\">\n\t\t\t<div class=\"elementor-widget-wrap elementor-element-populated\">\n\t\t\t\t\t\t<div class=\"elementor-element elementor-element-d122a9a elementor-widget-divider--view-line elementor-widget elementor-widget-divider\" data-id=\"d122a9a\" data-element_type=\"widget\" data-widget_type=\"divider.default\">\n\t\t\t\t<div class=\"elementor-widget-container\">\n\t\t\t\t\t<div class=\"elementor-divider\">\n\t\t\t<span class=\"elementor-divider-separator\">\n\t\t\t\t\t\t<\/span>\n\t\t<\/div>\n\t\t\t\t<\/div>\n\t\t\t\t<\/div>\n\t\t\t\t\t<\/div>\n\t\t<\/div>\n\t\t\t\t\t<\/div>\n\t\t<\/section>\n\t\t\t\t<section class=\"elementor-section elementor-top-section elementor-element elementor-element-9eef14f elementor-section-boxed elementor-section-height-default elementor-section-height-default\" data-id=\"9eef14f\" data-element_type=\"section\">\n\t\t\t\t\t\t<div class=\"elementor-container elementor-column-gap-default\">\n\t\t\t\t\t<div class=\"elementor-column elementor-col-100 elementor-top-column elementor-element elementor-element-0622d69\" data-id=\"0622d69\" data-element_type=\"column\">\n\t\t\t<div class=\"elementor-widget-wrap elementor-element-populated\">\n\t\t\t\t\t\t<div class=\"elementor-element elementor-element-2a1c956 elementor-widget elementor-widget-image\" data-id=\"2a1c956\" data-element_type=\"widget\" data-widget_type=\"image.default\">\n\t\t\t\t<div class=\"elementor-widget-container\">\n\t\t\t\t\t\t\t\t\t\t\t\t\t<img decoding=\"async\" src=\"https:\/\/forumdooutono-arquivo.inesctec.pt\/wp-content\/uploads\/2021\/11\/AML_stairs2-e1637146833953.jpg\" title=\"AML_stairs2\" alt=\"AML_stairs2\" loading=\"lazy\" \/>\t\t\t\t\t\t\t\t\t\t\t\t\t<\/div>\n\t\t\t\t<\/div>\n\t\t\t\t\t<\/div>\n\t\t<\/div>\n\t\t\t\t\t<\/div>\n\t\t<\/section>\n\t\t\t\t<section class=\"elementor-section elementor-top-section elementor-element elementor-element-b12b2eb elementor-section-boxed elementor-section-height-default elementor-section-height-default\" data-id=\"b12b2eb\" data-element_type=\"section\">\n\t\t\t\t\t\t<div class=\"elementor-container elementor-column-gap-default\">\n\t\t\t\t\t<div class=\"elementor-column elementor-col-100 elementor-top-column elementor-element elementor-element-96e4927\" data-id=\"96e4927\" data-element_type=\"column\">\n\t\t\t<div class=\"elementor-widget-wrap elementor-element-populated\">\n\t\t\t\t\t\t<div class=\"elementor-element elementor-element-769b9aa elementor-widget elementor-widget-text-editor\" data-id=\"769b9aa\" data-element_type=\"widget\" data-widget_type=\"text-editor.default\">\n\t\t\t\t<div class=\"elementor-widget-container\">\n\t\t\t\t\t\t\t<h4>Arlindo Oliveira<\/h4><div>Arlindo Oliveira nasceu em Angola e viveu em Mo\u00e7ambique, Portugal, Su\u00ed\u00e7a e Calif\u00f3rnia. Tem uma licenciatura pelo Instituto Superior T\u00e9cnico (IST) e um doutoramento pela Universidade da Calif\u00f3rnia em Berkeley. \u00c9 professor catedr\u00e1tico do IST, presidente do Instituto de Sistemas e Computadores (INESC), administrador n\u00e3o executivo da Caixa Geral de Dep\u00f3sitos, investigador do INESC-ID, membro do Conselho Nacional de Ci\u00eancia, Tecnologia e Inova\u00e7\u00e3o e do Conselho Consultivo do Painel de Ci\u00eancia e Tecnologia do Parlamento Europeu (STOA). Publicou tr\u00eas livros, traduzidos em diversas l\u00ednguas, e centenas de artigos cient\u00edficos e de divulga\u00e7\u00e3o. Foi administrador de diversas empresas e institui\u00e7\u00f5es e presidente do IST, da Associa\u00e7\u00e3o Portuguesa para a Intelig\u00eancia Artificial e do INESC-ID. Foi diretor do n\u00f3 portugu\u00eas da rede europeia de dados biol\u00f3gicos ELIXIR e investigador do CERN, do INESC, dos Cadence Research Laboratories e do Electronics Research Lab em Berkeley. \u00c9 membro da Academia da Engenharia e membro s\u00e9nior do IEEE. Recebeu diversos pr\u00e9mios e distin\u00e7\u00f5es, entre os quais o pr\u00e9mio Universidade T\u00e9cnica de Lisboa \/ Santander por excel\u00eancia na investiga\u00e7\u00e3o, em 2009.<\/div>\t\t\t\t\t\t<\/div>\n\t\t\t\t<\/div>\n\t\t\t\t\t<\/div>\n\t\t<\/div>\n\t\t\t\t\t<\/div>\n\t\t<\/section>\n\t\t\t\t<section class=\"elementor-section elementor-top-section elementor-element elementor-element-543c556 elementor-section-boxed elementor-section-height-default elementor-section-height-default\" data-id=\"543c556\" data-element_type=\"section\">\n\t\t\t\t\t\t<div class=\"elementor-container elementor-column-gap-default\">\n\t\t\t\t\t<div class=\"elementor-column elementor-col-100 elementor-top-column elementor-element elementor-element-b2326f2\" data-id=\"b2326f2\" data-element_type=\"column\">\n\t\t\t<div class=\"elementor-widget-wrap elementor-element-populated\">\n\t\t\t\t\t\t<div class=\"elementor-element elementor-element-fb9ec03 elementor-widget-divider--view-line elementor-widget elementor-widget-divider\" data-id=\"fb9ec03\" data-element_type=\"widget\" data-widget_type=\"divider.default\">\n\t\t\t\t<div class=\"elementor-widget-container\">\n\t\t\t\t\t<div class=\"elementor-divider\">\n\t\t\t<span class=\"elementor-divider-separator\">\n\t\t\t\t\t\t<\/span>\n\t\t<\/div>\n\t\t\t\t<\/div>\n\t\t\t\t<\/div>\n\t\t\t\t\t<\/div>\n\t\t<\/div>\n\t\t\t\t\t<\/div>\n\t\t<\/section>\n\t\t\t\t<section class=\"elementor-section elementor-top-section elementor-element elementor-element-d2db13f elementor-section-boxed elementor-section-height-default elementor-section-height-default\" data-id=\"d2db13f\" data-element_type=\"section\">\n\t\t\t\t\t\t<div class=\"elementor-container elementor-column-gap-default\">\n\t\t\t\t\t<div class=\"elementor-column elementor-col-100 elementor-top-column elementor-element elementor-element-fb8866d\" data-id=\"fb8866d\" data-element_type=\"column\">\n\t\t\t<div class=\"elementor-widget-wrap elementor-element-populated\">\n\t\t\t\t\t\t<div class=\"elementor-element elementor-element-dd68bbe elementor-widget elementor-widget-image\" data-id=\"dd68bbe\" data-element_type=\"widget\" data-widget_type=\"image.default\">\n\t\t\t\t<div class=\"elementor-widget-container\">\n\t\t\t\t\t\t\t\t\t\t\t\t\t<img decoding=\"async\" src=\"https:\/\/forumdooutono-arquivo.inesctec.pt\/wp-content\/uploads\/2021\/11\/FA.foto_-e1637243831248.jpg\" title=\"FA.foto\" alt=\"FA.foto\" loading=\"lazy\" \/>\t\t\t\t\t\t\t\t\t\t\t\t\t<\/div>\n\t\t\t\t<\/div>\n\t\t\t\t\t<\/div>\n\t\t<\/div>\n\t\t\t\t\t<\/div>\n\t\t<\/section>\n\t\t\t\t<section class=\"elementor-section elementor-top-section elementor-element elementor-element-0ae39b9 elementor-section-boxed elementor-section-height-default elementor-section-height-default\" data-id=\"0ae39b9\" data-element_type=\"section\">\n\t\t\t\t\t\t<div class=\"elementor-container elementor-column-gap-default\">\n\t\t\t\t\t<div class=\"elementor-column elementor-col-100 elementor-top-column elementor-element elementor-element-fed6193\" data-id=\"fed6193\" data-element_type=\"column\">\n\t\t\t<div class=\"elementor-widget-wrap elementor-element-populated\">\n\t\t\t\t\t\t<div class=\"elementor-element elementor-element-fdd4b61 elementor-widget elementor-widget-text-editor\" data-id=\"fdd4b61\" data-element_type=\"widget\" data-widget_type=\"text-editor.default\">\n\t\t\t\t<div class=\"elementor-widget-container\">\n\t\t\t\t\t\t\t<h4>Fernando Ara\u00fajo<\/h4>\n<ul>\n<li>Presidente do Conselho de Administra\u00e7\u00e3o do Centro Hospitalar Universit\u00e1rio de S\u00e3o Jo\u00e3o, EPE<\/li>\n<li>Professor da Faculdade de Medicina da Universidade do Porto<\/li>\n<\/ul>\t\t\t\t\t\t<\/div>\n\t\t\t\t<\/div>\n\t\t\t\t\t<\/div>\n\t\t<\/div>\n\t\t\t\t\t<\/div>\n\t\t<\/section>\n\t\t\t\t<section class=\"elementor-section elementor-top-section elementor-element elementor-element-f1ee23e elementor-section-boxed elementor-section-height-default elementor-section-height-default\" data-id=\"f1ee23e\" data-element_type=\"section\">\n\t\t\t\t\t\t<div class=\"elementor-container elementor-column-gap-default\">\n\t\t\t\t\t<div class=\"elementor-column elementor-col-100 elementor-top-column elementor-element elementor-element-ca70218\" data-id=\"ca70218\" data-element_type=\"column\">\n\t\t\t<div class=\"elementor-widget-wrap elementor-element-populated\">\n\t\t\t\t\t\t<div class=\"elementor-element elementor-element-e176c1b elementor-widget-divider--view-line elementor-widget elementor-widget-divider\" data-id=\"e176c1b\" data-element_type=\"widget\" data-widget_type=\"divider.default\">\n\t\t\t\t<div class=\"elementor-widget-container\">\n\t\t\t\t\t<div class=\"elementor-divider\">\n\t\t\t<span class=\"elementor-divider-separator\">\n\t\t\t\t\t\t<\/span>\n\t\t<\/div>\n\t\t\t\t<\/div>\n\t\t\t\t<\/div>\n\t\t\t\t\t<\/div>\n\t\t<\/div>\n\t\t\t\t\t<\/div>\n\t\t<\/section>\n\t\t\t\t<section class=\"elementor-section elementor-top-section elementor-element elementor-element-f7741c6 elementor-section-boxed elementor-section-height-default elementor-section-height-default\" data-id=\"f7741c6\" data-element_type=\"section\">\n\t\t\t\t\t\t<div class=\"elementor-container elementor-column-gap-default\">\n\t\t\t\t\t<div class=\"elementor-column elementor-col-100 elementor-top-column elementor-element elementor-element-b985dd3\" data-id=\"b985dd3\" data-element_type=\"column\">\n\t\t\t<div class=\"elementor-widget-wrap elementor-element-populated\">\n\t\t\t\t\t\t<div class=\"elementor-element elementor-element-c6dbf51 elementor-widget elementor-widget-image\" data-id=\"c6dbf51\" data-element_type=\"widget\" data-widget_type=\"image.default\">\n\t\t\t\t<div class=\"elementor-widget-container\">\n\t\t\t\t\t\t\t\t\t\t\t\t\t<img decoding=\"async\" src=\"https:\/\/forumdooutono-arquivo.inesctec.pt\/wp-content\/uploads\/2021\/11\/mario-e1637191241183.jpg\" title=\"mario\" alt=\"mario\" loading=\"lazy\" \/>\t\t\t\t\t\t\t\t\t\t\t\t\t<\/div>\n\t\t\t\t<\/div>\n\t\t\t\t\t<\/div>\n\t\t<\/div>\n\t\t\t\t\t<\/div>\n\t\t<\/section>\n\t\t\t\t<section class=\"elementor-section elementor-top-section elementor-element elementor-element-3a4ffaa elementor-section-boxed elementor-section-height-default elementor-section-height-default\" data-id=\"3a4ffaa\" data-element_type=\"section\">\n\t\t\t\t\t\t<div class=\"elementor-container elementor-column-gap-default\">\n\t\t\t\t\t<div class=\"elementor-column elementor-col-100 elementor-top-column elementor-element elementor-element-8b82ae9\" data-id=\"8b82ae9\" data-element_type=\"column\">\n\t\t\t<div class=\"elementor-widget-wrap elementor-element-populated\">\n\t\t\t\t\t\t<div class=\"elementor-element elementor-element-0ebf7d7 elementor-widget elementor-widget-text-editor\" data-id=\"0ebf7d7\" data-element_type=\"widget\" data-widget_type=\"text-editor.default\">\n\t\t\t\t<div class=\"elementor-widget-container\">\n\t\t\t\t\t\t\t<h4>M\u00e1rio Dinis Ribeiro<\/h4><p>M\u00e1rio Dinis-Ribeiro graduated in Medicine in 1996, earned his Doctorate Degree in 2005 and Agrega\u00e7\u00e3o in 2009 from the Faculty of Medicine of the University of Porto (FMUP). He is Senior Consultant and Head of the Gastroenterology Department of the IPO-Porto and Guest Full Professor at FMUP (since 2014) and Group Leader at CI-IPO \/ RISE. His research interests focus on improving early diagnosis and noninvasive management of gastrointestinal tumors, leading several inter-institutional national and international projects with over 300 scientific articles published (HI=49). He is a member of the Scientific Committee of the PhD programme in Clinical and Health Services Research at FMUP. He is currently the Past-President of the European Society of Gastrointestinal Endoscopy and Co-Editor-in-Chief of the journal Endoscopy. He won the BIAL Award in Clinical Medicine in 2018 and co-authored the Pfizer Award in 2016.<\/p>\t\t\t\t\t\t<\/div>\n\t\t\t\t<\/div>\n\t\t\t\t\t<\/div>\n\t\t<\/div>\n\t\t\t\t\t<\/div>\n\t\t<\/section>\n\t\t\t\t<section class=\"elementor-section elementor-top-section elementor-element elementor-element-a528204 elementor-section-boxed elementor-section-height-default elementor-section-height-default\" data-id=\"a528204\" data-element_type=\"section\">\n\t\t\t\t\t\t<div class=\"elementor-container elementor-column-gap-default\">\n\t\t\t\t\t<div class=\"elementor-column elementor-col-100 elementor-top-column elementor-element elementor-element-18b73b6\" data-id=\"18b73b6\" data-element_type=\"column\">\n\t\t\t<div class=\"elementor-widget-wrap elementor-element-populated\">\n\t\t\t\t\t\t<div class=\"elementor-element elementor-element-465f1bf elementor-widget-divider--view-line elementor-widget elementor-widget-divider\" data-id=\"465f1bf\" data-element_type=\"widget\" data-widget_type=\"divider.default\">\n\t\t\t\t<div class=\"elementor-widget-container\">\n\t\t\t\t\t<div class=\"elementor-divider\">\n\t\t\t<span class=\"elementor-divider-separator\">\n\t\t\t\t\t\t<\/span>\n\t\t<\/div>\n\t\t\t\t<\/div>\n\t\t\t\t<\/div>\n\t\t\t\t\t<\/div>\n\t\t<\/div>\n\t\t\t\t\t<\/div>\n\t\t<\/section>\n\t\t\t\t<section class=\"elementor-section elementor-top-section elementor-element elementor-element-9c2d17a elementor-section-boxed elementor-section-height-default elementor-section-height-default\" data-id=\"9c2d17a\" data-element_type=\"section\">\n\t\t\t\t\t\t<div class=\"elementor-container elementor-column-gap-default\">\n\t\t\t\t\t<div class=\"elementor-column elementor-col-100 elementor-top-column elementor-element elementor-element-7142c82\" data-id=\"7142c82\" data-element_type=\"column\">\n\t\t\t<div class=\"elementor-widget-wrap elementor-element-populated\">\n\t\t\t\t\t\t<div class=\"elementor-element elementor-element-58e28b6 elementor-widget elementor-widget-image\" data-id=\"58e28b6\" data-element_type=\"widget\" data-widget_type=\"image.default\">\n\t\t\t\t<div class=\"elementor-widget-container\">\n\t\t\t\t\t\t\t\t\t\t\t\t\t<img decoding=\"async\" src=\"https:\/\/forumdooutono-arquivo.inesctec.pt\/wp-content\/uploads\/2021\/11\/Filipa-Fixe-2-e1637146884321.jpg\" title=\"Filipa-Fixe (2)\" alt=\"Filipa-Fixe (2)\" loading=\"lazy\" \/>\t\t\t\t\t\t\t\t\t\t\t\t\t<\/div>\n\t\t\t\t<\/div>\n\t\t\t\t\t<\/div>\n\t\t<\/div>\n\t\t\t\t\t<\/div>\n\t\t<\/section>\n\t\t\t\t<section class=\"elementor-section elementor-top-section elementor-element elementor-element-28d6588 elementor-section-boxed elementor-section-height-default elementor-section-height-default\" data-id=\"28d6588\" data-element_type=\"section\">\n\t\t\t\t\t\t<div class=\"elementor-container elementor-column-gap-default\">\n\t\t\t\t\t<div class=\"elementor-column elementor-col-100 elementor-top-column elementor-element elementor-element-c9835f1\" data-id=\"c9835f1\" data-element_type=\"column\">\n\t\t\t<div class=\"elementor-widget-wrap elementor-element-populated\">\n\t\t\t\t\t\t<div class=\"elementor-element elementor-element-db578a7 elementor-widget elementor-widget-text-editor\" data-id=\"db578a7\" data-element_type=\"widget\" data-widget_type=\"text-editor.default\">\n\t\t\t\t<div class=\"elementor-widget-container\">\n\t\t\t\t\t\t\t<h4>Filipa Fixe<\/h4><p>Filipa Fixe holds a degree in Chemical Engineering, a Master&#8217;s degree in Biochemical Engineering and a PhD in Bio-Nanotechnology in the development of DNA chips with electronic addressing for the detection of genetic mutations. Filipa Fixe attended the Lisbon Medical School for three years, holds a Post-graduation in management by the Catholic University and has concluded the Singularity University Innovation Program on Exponential Medicine (2018). She is the author and co-author of several publications in international scientific journals and conferences in the field of bioelectronics, biomedicine, biotechnology, education and eHealth. Her professional career is characterized by a strong presence in the areas related to technology and health management and evaluation of SME\u00b4s in biotech and medtech. Nowadays, Filipa Fixe is an Executive Board Member at Glintt. She is an Invited Assistant Teacher at Universidade de Lisboa, Board Member at APDSI \u2013 the Association for the Promotion and Development of the Information Society and member of the Supervisory Board of Innostars &#8211; EITHealth.\u00a0<\/p>\t\t\t\t\t\t<\/div>\n\t\t\t\t<\/div>\n\t\t\t\t\t<\/div>\n\t\t<\/div>\n\t\t\t\t\t<\/div>\n\t\t<\/section>\n\t\t\t\t<section class=\"elementor-section elementor-top-section elementor-element elementor-element-ca21b7b elementor-section-boxed elementor-section-height-default elementor-section-height-default\" data-id=\"ca21b7b\" data-element_type=\"section\">\n\t\t\t\t\t\t<div class=\"elementor-container elementor-column-gap-default\">\n\t\t\t\t\t<div class=\"elementor-column elementor-col-100 elementor-top-column elementor-element elementor-element-3e8e065\" data-id=\"3e8e065\" data-element_type=\"column\">\n\t\t\t<div class=\"elementor-widget-wrap elementor-element-populated\">\n\t\t\t\t\t\t<div class=\"elementor-element elementor-element-cbf87e7 elementor-widget-divider--view-line elementor-widget elementor-widget-divider\" data-id=\"cbf87e7\" data-element_type=\"widget\" data-widget_type=\"divider.default\">\n\t\t\t\t<div class=\"elementor-widget-container\">\n\t\t\t\t\t<div class=\"elementor-divider\">\n\t\t\t<span class=\"elementor-divider-separator\">\n\t\t\t\t\t\t<\/span>\n\t\t<\/div>\n\t\t\t\t<\/div>\n\t\t\t\t<\/div>\n\t\t\t\t\t<\/div>\n\t\t<\/div>\n\t\t\t\t\t<\/div>\n\t\t<\/section>\n\t\t\t\t<\/div>\n\t\t","protected":false},"excerpt":{"rendered":"<p>Dimitrios Fotiadis Dimitrios I. Fotiadis received the degree in chemical engineering from the National Technical University of Athens, Greece, and the Ph.D. degree in chemical engineering and materials science from the University of Minnesota, Minneapolis. He is currently a Professor of Biomedical Engineering in the Department of Materials Science and Engineering, University of Ioannina, Greece, [&hellip;]<\/p>\n","protected":false},"author":5,"featured_media":0,"parent":0,"menu_order":0,"comment_status":"closed","ping_status":"closed","template":"","meta":{"ngg_post_thumbnail":0,"footnotes":""},"_links":{"self":[{"href":"https:\/\/forumdooutono-arquivo.inesctec.pt\/index.php\/wp-json\/wp\/v2\/pages\/2738"}],"collection":[{"href":"https:\/\/forumdooutono-arquivo.inesctec.pt\/index.php\/wp-json\/wp\/v2\/pages"}],"about":[{"href":"https:\/\/forumdooutono-arquivo.inesctec.pt\/index.php\/wp-json\/wp\/v2\/types\/page"}],"author":[{"embeddable":true,"href":"https:\/\/forumdooutono-arquivo.inesctec.pt\/index.php\/wp-json\/wp\/v2\/users\/5"}],"replies":[{"embeddable":true,"href":"https:\/\/forumdooutono-arquivo.inesctec.pt\/index.php\/wp-json\/wp\/v2\/comments?post=2738"}],"version-history":[{"count":35,"href":"https:\/\/forumdooutono-arquivo.inesctec.pt\/index.php\/wp-json\/wp\/v2\/pages\/2738\/revisions"}],"predecessor-version":[{"id":2807,"href":"https:\/\/forumdooutono-arquivo.inesctec.pt\/index.php\/wp-json\/wp\/v2\/pages\/2738\/revisions\/2807"}],"wp:attachment":[{"href":"https:\/\/forumdooutono-arquivo.inesctec.pt\/index.php\/wp-json\/wp\/v2\/media?parent=2738"}],"curies":[{"name":"wp","href":"https:\/\/api.w.org\/{rel}","templated":true}]}}