{"id":1505,"date":"2018-07-10T11:30:12","date_gmt":"2018-07-10T11:30:12","guid":{"rendered":"http:\/\/forumdooutono.inesctec.pt\/?page_id=1505"},"modified":"2019-07-29T11:20:55","modified_gmt":"2019-07-29T11:20:55","slug":"apresentacoes-2107","status":"publish","type":"page","link":"https:\/\/forumdooutono-arquivo.inesctec.pt\/index.php\/edicoes-anteriores\/english-2017\/apresentacoes-2107\/","title":{"rendered":"Apresenta\u00e7\u00f5es 2107"},"content":{"rendered":"<p><a href=\"http:\/\/forumdooutono.inesctec.pt\/index.php\/edicoes-anteriores\/english-2017\/programa-2017\/?customize_changeset_uuid=f40adaa8-406b-4605-bc92-61475d44400c&amp;customize_autosaved=on&amp;lang=pt\" class=\"broken_link\">Programa<\/a>&nbsp;|&nbsp;<a href=\"http:\/\/forumdooutono.inesctec.pt\/index.php\/edicoes-anteriores\/english-2017\/galeria-multimedia-2017\/?customize_changeset_uuid=f40adaa8-406b-4605-bc92-61475d44400c&amp;customize_autosaved=on&amp;lang=pt\" class=\"broken_link\">Galeria Multim\u00e9dia<\/a>&nbsp;|&nbsp;<a href=\"http:\/\/forumdooutono.inesctec.pt\/index.php\/edicoes-anteriores\/english-2017\/noticias-2017\/?customize_changeset_uuid=f40adaa8-406b-4605-bc92-61475d44400c&amp;customize_autosaved=on&amp;lang=pt\" class=\"broken_link\">Not\u00edcias<\/a><\/p>\n<p><a href=\"http:\/\/forumdooutono.inesctec.pt\/wp-content\/uploads\/2016\/07\/F%C3%B3rum-INESC-TEC-do-Outono_apresenta%C3%A7%C3%A3o-Ant%C3%B3nio-Nogueira-Leite.pdf\">Ant\u00f3nio Nogueira<\/a><\/p>\n<p><a href=\"http:\/\/forumdooutono.inesctec.pt\/wp-content\/uploads\/2016\/07\/F%C3%B3rum-INESC-TEC-do-Outono_-apresenta%C3%A7%C3%A3o-Rui-Marcelino-Alma-design.pdf\">Rui Marcelino<\/a><\/p>\n<p><a href=\"http:\/\/forumdooutono.inesctec.pt\/wp-content\/uploads\/2016\/07\/F%C3%B3rum-INESC-TEC-do-Outono_-apresenta%C3%A7%C3%A3o-Rui-Azevedo.pdf\">Rui Azevedo<\/a><\/p>\n<p>&nbsp;<\/p>\n","protected":false},"excerpt":{"rendered":"<p>Programa&nbsp;|&nbsp;Galeria Multim\u00e9dia&nbsp;|&nbsp;Not\u00edcias Ant\u00f3nio Nogueira Rui Marcelino Rui Azevedo &nbsp;<\/p>\n","protected":false},"author":2,"featured_media":0,"parent":1493,"menu_order":0,"comment_status":"closed","ping_status":"closed","template":"","meta":{"ngg_post_thumbnail":0,"footnotes":""},"_links":{"self":[{"href":"https:\/\/forumdooutono-arquivo.inesctec.pt\/index.php\/wp-json\/wp\/v2\/pages\/1505"}],"collection":[{"href":"https:\/\/forumdooutono-arquivo.inesctec.pt\/index.php\/wp-json\/wp\/v2\/pages"}],"about":[{"href":"https:\/\/forumdooutono-arquivo.inesctec.pt\/index.php\/wp-json\/wp\/v2\/types\/page"}],"author":[{"embeddable":true,"href":"https:\/\/forumdooutono-arquivo.inesctec.pt\/index.php\/wp-json\/wp\/v2\/users\/2"}],"replies":[{"embeddable":true,"href":"https:\/\/forumdooutono-arquivo.inesctec.pt\/index.php\/wp-json\/wp\/v2\/comments?post=1505"}],"version-history":[{"count":5,"href":"https:\/\/forumdooutono-arquivo.inesctec.pt\/index.php\/wp-json\/wp\/v2\/pages\/1505\/revisions"}],"predecessor-version":[{"id":1886,"href":"https:\/\/forumdooutono-arquivo.inesctec.pt\/index.php\/wp-json\/wp\/v2\/pages\/1505\/revisions\/1886"}],"up":[{"embeddable":true,"href":"https:\/\/forumdooutono-arquivo.inesctec.pt\/index.php\/wp-json\/wp\/v2\/pages\/1493"}],"wp:attachment":[{"href":"https:\/\/forumdooutono-arquivo.inesctec.pt\/index.php\/wp-json\/wp\/v2\/media?parent=1505"}],"curies":[{"name":"wp","href":"https:\/\/api.w.org\/{rel}","templated":true}]}}