{"id":2477,"date":"2021-11-03T14:36:23","date_gmt":"2021-11-03T14:36:23","guid":{"rendered":"https:\/\/forumdooutono.inesctec.pt\/?page_id=2477"},"modified":"2023-11-21T18:16:38","modified_gmt":"2023-11-21T18:16:38","slug":"2477-2","status":"publish","type":"page","link":"https:\/\/forumdooutono.inesctec.pt\/","title":{"rendered":""},"content":{"rendered":"\t\t<div data-elementor-type=\"wp-page\" data-elementor-id=\"2477\" class=\"elementor elementor-2477\">\n\t\t\t\t\t\t<section class=\"elementor-section elementor-top-section elementor-element elementor-element-d990ae3 elementor-section-boxed elementor-section-height-default elementor-section-height-default\" data-id=\"d990ae3\" data-element_type=\"section\">\n\t\t\t\t\t\t<div class=\"elementor-container elementor-column-gap-default\">\n\t\t\t\t\t<div class=\"elementor-column elementor-col-100 elementor-top-column elementor-element elementor-element-6adaf10\" data-id=\"6adaf10\" data-element_type=\"column\">\n\t\t\t<div class=\"elementor-widget-wrap elementor-element-populated\">\n\t\t\t\t\t\t<div class=\"elementor-element elementor-element-1bf6671 elementor-widget elementor-widget-heading\" data-id=\"1bf6671\" data-element_type=\"widget\" data-widget_type=\"heading.default\">\n\t\t\t\t<div class=\"elementor-widget-container\">\n\t\t\t<h2 class=\"elementor-heading-title elementor-size-default\">F\u00d3RUM INESC TEC DO OUTONO <\/h2>\t\t<\/div>\n\t\t\t\t<\/div>\n\t\t\t\t\t<\/div>\n\t\t<\/div>\n\t\t\t\t\t<\/div>\n\t\t<\/section>\n\t\t\t\t<section class=\"elementor-section elementor-top-section elementor-element elementor-element-27f5c87 elementor-section-boxed elementor-section-height-default elementor-section-height-default\" data-id=\"27f5c87\" data-element_type=\"section\">\n\t\t\t\t\t\t<div class=\"elementor-container elementor-column-gap-default\">\n\t\t\t\t\t<div class=\"elementor-column elementor-col-100 elementor-top-column elementor-element elementor-element-bac4373\" data-id=\"bac4373\" data-element_type=\"column\">\n\t\t\t<div class=\"elementor-widget-wrap elementor-element-populated\">\n\t\t\t\t\t\t<div class=\"elementor-element elementor-element-f1de9d9 elementor-widget elementor-widget-text-editor\" data-id=\"f1de9d9\" data-element_type=\"widget\" data-widget_type=\"text-editor.default\">\n\t\t\t\t<div class=\"elementor-widget-container\">\n\t\t\t\t\t\t\t<p><em><strong>ECOSSISTEMAS DE INOVA\u00c7\u00c3O \u2013 O PAPEL DAS ENTIDADES DE INTERFACE<\/strong><\/em><span style=\"color: #333333; font-family: Arial, Helvetica, sans-serif;\"><i><span style=\"font-weight: var( --e-global-typography-text-font-weight );\"> | <\/span><\/i><\/span><span style=\"color: #333333; font-family: Arial, Helvetica, sans-serif; font-weight: var( --e-global-typography-text-font-weight );\">21 de novembro | <\/span><span style=\"color: #333333; font-family: Arial, Helvetica, sans-serif; font-weight: var( --e-global-typography-text-font-weight );\">Audit\u00f3rio da FEUP, Porto<\/span><\/p>\t\t\t\t\t\t<\/div>\n\t\t\t\t<\/div>\n\t\t\t\t\t<\/div>\n\t\t<\/div>\n\t\t\t\t\t<\/div>\n\t\t<\/section>\n\t\t\t\t<section class=\"elementor-section elementor-top-section elementor-element elementor-element-05d838e elementor-section-boxed elementor-section-height-default elementor-section-height-default\" data-id=\"05d838e\" data-element_type=\"section\">\n\t\t\t\t\t\t<div class=\"elementor-container elementor-column-gap-default\">\n\t\t\t\t\t<div class=\"elementor-column elementor-col-100 elementor-top-column elementor-element elementor-element-67ffc5b\" data-id=\"67ffc5b\" data-element_type=\"column\">\n\t\t\t<div class=\"elementor-widget-wrap\">\n\t\t\t\t\t\t\t<\/div>\n\t\t<\/div>\n\t\t\t\t\t<\/div>\n\t\t<\/section>\n\t\t\t\t<section class=\"elementor-section elementor-top-section elementor-element elementor-element-0c02a3c elementor-section-boxed elementor-section-height-default elementor-section-height-default\" data-id=\"0c02a3c\" data-element_type=\"section\">\n\t\t\t\t\t\t<div class=\"elementor-container elementor-column-gap-default\">\n\t\t\t\t\t<div class=\"elementor-column elementor-col-100 elementor-top-column elementor-element elementor-element-8d64543\" data-id=\"8d64543\" data-element_type=\"column\">\n\t\t\t<div class=\"elementor-widget-wrap elementor-element-populated\">\n\t\t\t\t\t\t<div class=\"elementor-element elementor-element-576d9f8 elementor-widget elementor-widget-text-editor\" data-id=\"576d9f8\" data-element_type=\"widget\" data-widget_type=\"text-editor.default\">\n\t\t\t\t<div class=\"elementor-widget-container\">\n\t\t\t\t\t\t\t<p>O <strong>F\u00f3rum INESC TEC do Outono<\/strong> &#8211; iniciativa anual com o objetivo de discutir temas de interesse nacional e fortemente influenciados pela ci\u00eancia e tecnologia &#8211; \u00e9, este ano, dedicado <span class=\"TextRun SCXW210776142 BCX9\" data-contrast=\"auto\"><span class=\"NormalTextRun SCXW210776142 BCX9\">\u00e0<\/span><\/span><span class=\"TextRun SCXW210776142 BCX9\" lang=\"PT-PT\" xml:lang=\"PT-PT\" data-contrast=\"auto\"><span class=\"NormalTextRun SCXW210776142 BCX9\">s quest\u00f5es da <strong>inova\u00e7\u00e3o<\/strong> e ao papel das <strong>entidades de interface<\/strong><\/span><\/span>. <span class=\"TextRun SCXW80363334 BCX9\" lang=\"PT-PT\" xml:lang=\"PT-PT\" data-contrast=\"auto\"><span class=\"NormalTextRun SCXW80363334 BCX9\">Neste ano de 2023, em que assume grande relev\u00e2ncia o PPR e, em particular, as Agendas<\/span><\/span> <span class=\"TextRun SCXW80363334 BCX9\" lang=\"PT-PT\" xml:lang=\"PT-PT\" data-contrast=\"auto\"><span class=\"NormalTextRun SCXW80363334 BCX9\">Mobilizadoras para a Inova\u00e7\u00e3o Empresarial<\/span><span class=\"NormalTextRun SCXW80363334 BCX9\">, faz todo o sentido convocar<\/span><\/span><span class=\"TextRun SCXW80363334 BCX9\" data-contrast=\"auto\"><span class=\"NormalTextRun SCXW80363334 BCX9\"> as entidades nacionais que comp\u00f5em o ecossistema de inova\u00e7\u00e3o <\/span><\/span><span class=\"TextRun SCXW80363334 BCX9\" lang=\"PT-PT\" xml:lang=\"PT-PT\" data-contrast=\"auto\"><span class=\"NormalTextRun SCXW80363334 BCX9\">para<\/span><\/span><span class=\"TextRun SCXW80363334 BCX9\" data-contrast=\"auto\"><span class=\"NormalTextRun SCXW80363334 BCX9\"> debater com elas como desenvolv\u00ea-lo <\/span><\/span><span class=\"TextRun SCXW80363334 BCX9\" lang=\"PT-PT\" xml:lang=\"PT-PT\" data-contrast=\"auto\"><span class=\"NormalTextRun SCXW80363334 BCX9\">quer <\/span><\/span><span class=\"TextRun SCXW80363334 BCX9\" data-contrast=\"auto\"><span class=\"NormalTextRun SCXW80363334 BCX9\">a partir da realidade atual<\/span><\/span><span class=\"TextRun SCXW80363334 BCX9\" lang=\"PT-PT\" xml:lang=\"PT-PT\" data-contrast=\"auto\"><span class=\"NormalTextRun SCXW80363334 BCX9\">, <\/span><\/span><span class=\"TextRun SCXW80363334 BCX9\" data-contrast=\"auto\"><span class=\"NormalTextRun SCXW80363334 BCX9\">com base em <\/span><\/span><span class=\"TextRun SCXW80363334 BCX9\" lang=\"PT-PT\" xml:lang=\"PT-PT\" data-contrast=\"auto\"><span class=\"NormalTextRun SCXW80363334 BCX9\">relevantes <\/span><\/span><span class=\"TextRun SCXW80363334 BCX9\" data-contrast=\"auto\"><span class=\"NormalTextRun SCXW80363334 BCX9\">exemplos nacionais e internacionais<\/span><\/span><span class=\"TextRun SCXW80363334 BCX9\" lang=\"PT-PT\" xml:lang=\"PT-PT\" data-contrast=\"auto\"><span class=\"NormalTextRun SCXW80363334 BCX9\">,<\/span><\/span> <span class=\"TextRun SCXW80363334 BCX9\" lang=\"PT-PT\" xml:lang=\"PT-PT\" data-contrast=\"auto\"><span class=\"NormalTextRun SCXW80363334 BCX9\">tendo como perspetiva o lugar central que<\/span><\/span><span class=\"TextRun SCXW80363334 BCX9\" data-contrast=\"auto\"><span class=\"NormalTextRun SCXW80363334 BCX9\"> as entidades de interface <\/span><\/span><span class=\"TextRun SCXW80363334 BCX9\" lang=\"PT-PT\" xml:lang=\"PT-PT\" data-contrast=\"auto\"><span class=\"NormalTextRun SCXW80363334 BCX9\">t\u00eam<\/span><\/span><span class=\"TextRun SCXW80363334 BCX9\" data-contrast=\"auto\"><span class=\"NormalTextRun SCXW80363334 BCX9\"> nesse processo.<\/span><\/span><span class=\"EOP SCXW80363334 BCX9\" data-ccp-props=\"{&quot;201341983&quot;:2,&quot;335559739&quot;:120,&quot;335559740&quot;:240}\">\u00a0<\/span><\/p><p>\u00c9, por isso, que no dia <strong>21 de novembro<\/strong>, decisores pol\u00edticos, investigadores, empres\u00e1rios, entre outros stakeholders, v\u00e3o reunir-se na FEUP para debater o futuro destas quest\u00f5es.<\/p><p>\u00a0<\/p><p><em>As inscri\u00e7\u00f5es est\u00e3o abertas at\u00e9 ao dia <s>13 de novembro<\/s> <strong>15 novembro<\/strong>.\u00a0<\/em><\/p>\t\t\t\t\t\t<\/div>\n\t\t\t\t<\/div>\n\t\t\t\t\t<\/div>\n\t\t<\/div>\n\t\t\t\t\t<\/div>\n\t\t<\/section>\n\t\t\t\t<section class=\"elementor-section elementor-top-section elementor-element elementor-element-5a2c592 elementor-section-boxed elementor-section-height-default elementor-section-height-default\" data-id=\"5a2c592\" data-element_type=\"section\">\n\t\t\t\t\t\t<div class=\"elementor-container elementor-column-gap-default\">\n\t\t\t\t\t<div class=\"elementor-column elementor-col-100 elementor-top-column elementor-element elementor-element-cf3b1ff\" data-id=\"cf3b1ff\" data-element_type=\"column\">\n\t\t\t<div class=\"elementor-widget-wrap elementor-element-populated\">\n\t\t\t\t\t\t<div class=\"elementor-element elementor-element-35c0305 elementor-widget elementor-widget-spacer\" data-id=\"35c0305\" data-element_type=\"widget\" data-widget_type=\"spacer.default\">\n\t\t\t\t<div class=\"elementor-widget-container\">\n\t\t\t\t\t<div class=\"elementor-spacer\">\n\t\t\t<div class=\"elementor-spacer-inner\"><\/div>\n\t\t<\/div>\n\t\t\t\t<\/div>\n\t\t\t\t<\/div>\n\t\t\t\t\t<\/div>\n\t\t<\/div>\n\t\t\t\t\t<\/div>\n\t\t<\/section>\n\t\t\t\t<section class=\"elementor-section elementor-top-section elementor-element elementor-element-5eb50f8 elementor-section-boxed elementor-section-height-default elementor-section-height-default\" data-id=\"5eb50f8\" data-element_type=\"section\">\n\t\t\t\t\t\t<div class=\"elementor-container elementor-column-gap-default\">\n\t\t\t\t\t<div class=\"elementor-column elementor-col-100 elementor-top-column elementor-element elementor-element-2a2c815\" data-id=\"2a2c815\" data-element_type=\"column\">\n\t\t\t<div class=\"elementor-widget-wrap elementor-element-populated\">\n\t\t\t\t\t\t<div class=\"elementor-element elementor-element-126dff0 elementor-align-center elementor-widget elementor-widget-button\" data-id=\"126dff0\" data-element_type=\"widget\" data-widget_type=\"button.default\">\n\t\t\t\t<div class=\"elementor-widget-container\">\n\t\t\t\t\t<div class=\"elementor-button-wrapper\">\n\t\t\t<a class=\"elementor-button elementor-button-link elementor-size-sm\" href=\"http:\/\/forumdooutono.inesctec.pt\/wp-content\/uploads\/2023\/11\/Booklet_ForumdoOutono_final.pdf\" target=\"_blank\">\n\t\t\t\t\t\t<span class=\"elementor-button-content-wrapper\">\n\t\t\t\t\t\t\t\t\t<span class=\"elementor-button-text\">Booklet do evento dispon\u00edvel aqui<\/span>\n\t\t\t\t\t<\/span>\n\t\t\t\t\t<\/a>\n\t\t<\/div>\n\t\t\t\t<\/div>\n\t\t\t\t<\/div>\n\t\t\t\t\t<\/div>\n\t\t<\/div>\n\t\t\t\t\t<\/div>\n\t\t<\/section>\n\t\t\t\t<section class=\"elementor-section elementor-top-section elementor-element elementor-element-84f532a elementor-section-boxed elementor-section-height-default elementor-section-height-default\" data-id=\"84f532a\" data-element_type=\"section\">\n\t\t\t\t\t\t<div class=\"elementor-container elementor-column-gap-default\">\n\t\t\t\t\t<div class=\"elementor-column elementor-col-100 elementor-top-column elementor-element elementor-element-b3bb558\" data-id=\"b3bb558\" data-element_type=\"column\">\n\t\t\t<div class=\"elementor-widget-wrap elementor-element-populated\">\n\t\t\t\t\t\t<div class=\"elementor-element elementor-element-d83a300 elementor-widget elementor-widget-spacer\" data-id=\"d83a300\" data-element_type=\"widget\" data-widget_type=\"spacer.default\">\n\t\t\t\t<div class=\"elementor-widget-container\">\n\t\t\t\t\t<div class=\"elementor-spacer\">\n\t\t\t<div class=\"elementor-spacer-inner\"><\/div>\n\t\t<\/div>\n\t\t\t\t<\/div>\n\t\t\t\t<\/div>\n\t\t\t\t\t<\/div>\n\t\t<\/div>\n\t\t\t\t\t<\/div>\n\t\t<\/section>\n\t\t\t\t<section class=\"elementor-section elementor-top-section elementor-element elementor-element-7903c86 elementor-section-boxed elementor-section-height-default elementor-section-height-default\" data-id=\"7903c86\" data-element_type=\"section\">\n\t\t\t\t\t\t<div class=\"elementor-container elementor-column-gap-default\">\n\t\t\t\t\t<div class=\"elementor-column elementor-col-50 elementor-top-column elementor-element elementor-element-78a5069\" data-id=\"78a5069\" data-element_type=\"column\">\n\t\t\t<div class=\"elementor-widget-wrap elementor-element-populated\">\n\t\t\t\t\t\t<div class=\"elementor-element elementor-element-3fe4bf5 e-transform elementor-widget elementor-widget-heading\" data-id=\"3fe4bf5\" data-element_type=\"widget\" data-settings=\"{&quot;_transform_rotateZ_effect&quot;:{&quot;unit&quot;:&quot;px&quot;,&quot;size&quot;:0,&quot;sizes&quot;:[]},&quot;_transform_rotateZ_effect_tablet&quot;:{&quot;unit&quot;:&quot;deg&quot;,&quot;size&quot;:&quot;&quot;,&quot;sizes&quot;:[]},&quot;_transform_rotateZ_effect_mobile&quot;:{&quot;unit&quot;:&quot;deg&quot;,&quot;size&quot;:&quot;&quot;,&quot;sizes&quot;:[]}}\" data-widget_type=\"heading.default\">\n\t\t\t\t<div class=\"elementor-widget-container\">\n\t\t\t<h2 class=\"elementor-heading-title elementor-size-default\">Media Partner<\/h2>\t\t<\/div>\n\t\t\t\t<\/div>\n\t\t\t\t\t<\/div>\n\t\t<\/div>\n\t\t\t\t<div class=\"elementor-column elementor-col-50 elementor-top-column elementor-element elementor-element-e38540a\" data-id=\"e38540a\" data-element_type=\"column\">\n\t\t\t<div class=\"elementor-widget-wrap elementor-element-populated\">\n\t\t\t\t\t\t<div class=\"elementor-element elementor-element-4ed08ec elementor-widget elementor-widget-image\" data-id=\"4ed08ec\" data-element_type=\"widget\" data-widget_type=\"image.default\">\n\t\t\t\t<div class=\"elementor-widget-container\">\n\t\t\t\t\t\t\t\t\t\t\t\t\t\t<a href=\"https:\/\/www.publico.pt\/\" target=\"_blank\">\n\t\t\t\t\t\t\t<img decoding=\"async\" width=\"100\" height=\"105\" src=\"https:\/\/forumdooutono.inesctec.pt\/wp-content\/uploads\/2023\/11\/1200px-Logo_publico.png\" class=\"attachment-full size-full wp-image-4099\" alt=\"\" \/>\t\t\t\t\t\t\t\t<\/a>\n\t\t\t\t\t\t\t\t\t\t\t\t\t<\/div>\n\t\t\t\t<\/div>\n\t\t\t\t\t<\/div>\n\t\t<\/div>\n\t\t\t\t\t<\/div>\n\t\t<\/section>\n\t\t\t\t<section class=\"elementor-section elementor-top-section elementor-element elementor-element-65256c6 elementor-section-boxed elementor-section-height-default elementor-section-height-default\" data-id=\"65256c6\" data-element_type=\"section\">\n\t\t\t\t\t\t<div class=\"elementor-container elementor-column-gap-default\">\n\t\t\t\t\t<div class=\"elementor-column elementor-col-100 elementor-top-column elementor-element elementor-element-57d4d1b\" data-id=\"57d4d1b\" data-element_type=\"column\">\n\t\t\t<div class=\"elementor-widget-wrap elementor-element-populated\">\n\t\t\t\t\t\t<div class=\"elementor-element elementor-element-6bb0669 elementor-widget elementor-widget-spacer\" data-id=\"6bb0669\" data-element_type=\"widget\" data-widget_type=\"spacer.default\">\n\t\t\t\t<div class=\"elementor-widget-container\">\n\t\t\t\t\t<div class=\"elementor-spacer\">\n\t\t\t<div class=\"elementor-spacer-inner\"><\/div>\n\t\t<\/div>\n\t\t\t\t<\/div>\n\t\t\t\t<\/div>\n\t\t\t\t\t<\/div>\n\t\t<\/div>\n\t\t\t\t\t<\/div>\n\t\t<\/section>\n\t\t\t\t<section class=\"elementor-section elementor-top-section elementor-element elementor-element-cc694e1 elementor-section-boxed elementor-section-height-default elementor-section-height-default\" data-id=\"cc694e1\" data-element_type=\"section\">\n\t\t\t\t\t\t<div class=\"elementor-container elementor-column-gap-default\">\n\t\t\t\t\t<div class=\"elementor-column elementor-col-100 elementor-top-column elementor-element elementor-element-1b6beae\" data-id=\"1b6beae\" data-element_type=\"column\">\n\t\t\t<div class=\"elementor-widget-wrap elementor-element-populated\">\n\t\t\t\t\t\t<div class=\"elementor-element elementor-element-e8ae3d5 elementor-widget elementor-widget-text-editor\" data-id=\"e8ae3d5\" data-element_type=\"widget\" data-widget_type=\"text-editor.default\">\n\t\t\t\t<div class=\"elementor-widget-container\">\n\t\t\t\t\t\t\t<p>INESC TEC &#8211; Todos os direitos Reservados 2023 |\u00a0<a href=\"https:\/\/www.inesctec.pt\/pt\/politica-de-privacidade\" target=\"_blank\" rel=\"noopener\">Termos e Pol\u00edtica de Privacidade<\/a><\/p>\t\t\t\t\t\t<\/div>\n\t\t\t\t<\/div>\n\t\t\t\t\t<\/div>\n\t\t<\/div>\n\t\t\t\t\t<\/div>\n\t\t<\/section>\n\t\t\t\t<\/div>\n\t\t","protected":false},"excerpt":{"rendered":"<p>F\u00d3RUM INESC TEC DO OUTONO ECOSSISTEMAS DE INOVA\u00c7\u00c3O \u2013 O PAPEL DAS ENTIDADES DE INTERFACE | 21 de novembro | Audit\u00f3rio da FEUP, Porto O F\u00f3rum INESC TEC do Outono &#8211; iniciativa anual com o objetivo de discutir temas de interesse nacional e fortemente influenciados pela ci\u00eancia e tecnologia &#8211; \u00e9, este ano, dedicado \u00e0s [&hellip;]<\/p>\n","protected":false},"author":1,"featured_media":0,"parent":0,"menu_order":0,"comment_status":"closed","ping_status":"closed","template":"","meta":{"ngg_post_thumbnail":0,"footnotes":""},"class_list":["post-2477","page","type-page","status-publish","hentry"],"_links":{"self":[{"href":"https:\/\/forumdooutono.inesctec.pt\/index.php\/wp-json\/wp\/v2\/pages\/2477"}],"collection":[{"href":"https:\/\/forumdooutono.inesctec.pt\/index.php\/wp-json\/wp\/v2\/pages"}],"about":[{"href":"https:\/\/forumdooutono.inesctec.pt\/index.php\/wp-json\/wp\/v2\/types\/page"}],"author":[{"embeddable":true,"href":"https:\/\/forumdooutono.inesctec.pt\/index.php\/wp-json\/wp\/v2\/users\/1"}],"replies":[{"embeddable":true,"href":"https:\/\/forumdooutono.inesctec.pt\/index.php\/wp-json\/wp\/v2\/comments?post=2477"}],"version-history":[{"count":169,"href":"https:\/\/forumdooutono.inesctec.pt\/index.php\/wp-json\/wp\/v2\/pages\/2477\/revisions"}],"predecessor-version":[{"id":4257,"href":"https:\/\/forumdooutono.inesctec.pt\/index.php\/wp-json\/wp\/v2\/pages\/2477\/revisions\/4257"}],"wp:attachment":[{"href":"https:\/\/forumdooutono.inesctec.pt\/index.php\/wp-json\/wp\/v2\/media?parent=2477"}],"curies":[{"name":"wp","href":"https:\/\/api.w.org\/{rel}","templated":true}]}}