{"id":98,"date":"2016-07-19T22:49:23","date_gmt":"2016-07-19T22:49:23","guid":{"rendered":"http:\/\/wordix.inesctec.pt\/wp-forumoutono\/?page_id=98"},"modified":"2019-07-29T10:53:34","modified_gmt":"2019-07-29T10:53:34","slug":"2015-2","status":"publish","type":"page","link":"https:\/\/forumdooutono-arquivo.inesctec.pt\/index.php\/edicoes-anteriores\/2015-2\/","title":{"rendered":"2015"},"content":{"rendered":"<p><a href=\"http:\/\/forumdooutono.inesctec.pt\/index.php\/edicoes-anteriores\/2015-2\/programa\/\">Programa<\/a> | <a href=\"http:\/\/forumdooutono.inesctec.pt\/index.php\/edicao-de-2015\/2015-2\/galeria-multimedia\/\">Galeria Multim\u00e9dia<\/a> | <a href=\"http:\/\/forumdooutono.inesctec.pt\/index.php\/edicao-de-2015\/2015-2\/apresentacoes\/\">Apresenta\u00e7\u00f5es Oradores<\/a> | <a href=\"http:\/\/forumdooutono.inesctec.pt\/index.php\/edicao-de-2015\/2015-2\/noticias\/\">Not\u00edcias<\/a><\/p>\n<h5><span style=\"color: #5c2216;\"><strong>F\u00f3rum INESC TEC do outono: Economia, Investiga\u00e7\u00e3o, Desenvolvimento e Inova\u00e7\u00e3o+<\/strong><\/span><\/h5>\n<h5>Data: 26 de outubro de 2015<\/h5>\n<h5>Local: Hotel Porto Pal\u00e1cio<\/h5>\n<h5>P\u00fablico-alvo: Empresas e colaboradores<\/h5>\n<p>Esta \u00e9 a estreia de um ciclo de confer\u00eancias INESC TEC a organizar no outono, anual ou bienalmente e abordando diferentes temas. O primeiro ter\u00e1 lugar em outubro de 2015 e focar\u00e1 a I&amp;D e a Inova\u00e7\u00e3o como motores do desenvolvimento econ\u00f3mico e social, visando em especial quatro \u00e1reas:<\/p>\n<p>1. Medicina e Engenharia de Sistemas: da preven\u00e7\u00e3o aos cuidados intensivos<\/p>\n<p>2. Revitalizar a Economia do Mar: os novos desafios e os recursos minerais no novo espa\u00e7o de soberania<\/p>\n<p>3. Sistemas Energ\u00e9ticos do Futuro: o papel da eletricidade<\/p>\n<p>4. O papel da Engenharia e I+D+I nos Desafios Sociais<\/p>\n<p>Para al\u00e9m de um conjunto de interven\u00e7\u00f5es de car\u00e1ter geral de personalidades internacionais vindas da Comiss\u00e3o Europeia, do mundo acad\u00e9mico e de empresas, haver\u00e1 um conjunto de pain\u00e9is em que aquelas 4 \u00e1reas ser\u00e3o especificamente abordadas, procurando promover uma forte intera\u00e7\u00e3o entre o sistema de I+D+I e o mundo empresarial.<\/p>\n<p>Haver\u00e1 ainda uma mostra com um conjunto de exemplos de resultados efetivos de valoriza\u00e7\u00e3o econ\u00f3mica da investiga\u00e7\u00e3o e onde sobressai o papel das institui\u00e7\u00f5es de interface.<\/p>\n","protected":false},"excerpt":{"rendered":"<p>Programa | Galeria Multim\u00e9dia | Apresenta\u00e7\u00f5es Oradores | Not\u00edcias F\u00f3rum INESC TEC do outono: Economia, Investiga\u00e7\u00e3o, Desenvolvimento e Inova\u00e7\u00e3o+ Data: 26 de outubro de 2015 Local: Hotel Porto Pal\u00e1cio P\u00fablico-alvo: Empresas e colaboradores Esta \u00e9 a estreia de um ciclo de confer\u00eancias INESC TEC a organizar no outono, anual ou bienalmente e abordando diferentes temas. [&hellip;]<\/p>\n","protected":false},"author":2,"featured_media":0,"parent":25,"menu_order":0,"comment_status":"closed","ping_status":"closed","template":"","meta":{"ngg_post_thumbnail":0,"footnotes":""},"_links":{"self":[{"href":"https:\/\/forumdooutono-arquivo.inesctec.pt\/index.php\/wp-json\/wp\/v2\/pages\/98"}],"collection":[{"href":"https:\/\/forumdooutono-arquivo.inesctec.pt\/index.php\/wp-json\/wp\/v2\/pages"}],"about":[{"href":"https:\/\/forumdooutono-arquivo.inesctec.pt\/index.php\/wp-json\/wp\/v2\/types\/page"}],"author":[{"embeddable":true,"href":"https:\/\/forumdooutono-arquivo.inesctec.pt\/index.php\/wp-json\/wp\/v2\/users\/2"}],"replies":[{"embeddable":true,"href":"https:\/\/forumdooutono-arquivo.inesctec.pt\/index.php\/wp-json\/wp\/v2\/comments?post=98"}],"version-history":[{"count":8,"href":"https:\/\/forumdooutono-arquivo.inesctec.pt\/index.php\/wp-json\/wp\/v2\/pages\/98\/revisions"}],"predecessor-version":[{"id":1874,"href":"https:\/\/forumdooutono-arquivo.inesctec.pt\/index.php\/wp-json\/wp\/v2\/pages\/98\/revisions\/1874"}],"up":[{"embeddable":true,"href":"https:\/\/forumdooutono-arquivo.inesctec.pt\/index.php\/wp-json\/wp\/v2\/pages\/25"}],"wp:attachment":[{"href":"https:\/\/forumdooutono-arquivo.inesctec.pt\/index.php\/wp-json\/wp\/v2\/media?parent=98"}],"curies":[{"name":"wp","href":"https:\/\/api.w.org\/{rel}","templated":true}]}}