{"id":891,"date":"2017-07-24T10:44:58","date_gmt":"2017-07-24T10:44:58","guid":{"rendered":"http:\/\/forumdooutono.inesctec.pt\/?page_id=891"},"modified":"2019-07-29T11:15:48","modified_gmt":"2019-07-29T11:15:48","slug":"noticias-2016","status":"publish","type":"page","link":"https:\/\/forumdooutono-arquivo.inesctec.pt\/index.php\/edicoes-anteriores\/2016-2\/noticias-2016\/","title":{"rendered":"Not\u00edcias 2016"},"content":{"rendered":"<p><a href=\"http:\/\/forumdooutono.inesctec.pt\/index.php\/edicoes-anteriores\/2016-2\/programa\/\">Programa<\/a> | <a href=\"http:\/\/forumdooutono.inesctec.pt\/index.php\/edicoes-anteriores\/2016-2\/galeria-multimedia\/\">Galeria Multim\u00e9dia<\/a> | <a href=\"http:\/\/forumdooutono.inesctec.pt\/index.php\/edicoes-anteriores\/2016-2\/apresentacoes-2016\/\">Apresenta\u00e7\u00f5es Oradores<\/a><\/p>\n<h5 class=\"documentFirstHeading\">Mais de duas centenas de pessoas debateram a F\u00e1brica do Futuro (26-10-2016)<\/h5>\n<p><a href=\"http:\/\/forumdooutono.inesctec.pt\/index.php\/2016\/10\/26\/mais-de-duas-centenas-de-pessoas-debateram-a-fabrica-do-futuro\/\">Ler not\u00edcia \u00bb<\/a><\/p>\n<hr>\n<h5 class=\"documentFirstHeading\">&nbsp;F\u00e1brica do Futuro em destaque no F\u00f3rum INESC TEC do Outono (29-09-2016)<\/h5>\n<p><a href=\"http:\/\/forumdooutono.inesctec.pt\/index.php\/2016\/09\/29\/fabrica-do-futuro-em-destaque-no-forum-inesc-tec-do-outono\/\">Ler not\u00edcia \u00bb<\/a><\/p>\n<hr>\n<h5 class=\"documentFirstHeading\">&nbsp;Como vai ser a f\u00e1brica do futuro? (20-07-2016)<\/h5>\n<p><a href=\"http:\/\/forumdooutono.inesctec.pt\/index.php\/2016\/07\/20\/como-vai-ser-a-fabrica-do-futuro\/\">Ver v\u00eddeo \u00bb<\/a><\/p>\n<p>&nbsp;<\/p>\n<h5 class=\"documentFirstHeading\">Portugal atrasado na corrida pela quarta revolu\u00e7\u00e3o industrial (P\u00fablico)<\/h5>\n<p>23-10-2016<\/p>\n<p><a href=\"http:\/\/forumdooutono.inesctec.pt\/wp-content\/uploads\/2016\/07\/23-10-2016-Portugal-atrasado-na-corrida-pela-quarta-revolu\u00e7\u00e3o-industrial-P\u00fablico.pdf\">Ler not\u00edcia \u00bb<\/a><\/p>\n<hr>\n<h5 class=\"documentFirstHeading\">Ministro da Ci\u00eancia e Tecnologia admite que Or\u00e7amento para 2017 &#8220;fica aqu\u00e9m&#8221; (Jornal de Neg\u00f3cios)<\/h5>\n<p>20-10-2016<\/p>\n<p><a href=\"http:\/\/www.jornaldenegocios.pt\/economia\/educacao\/detalhe\/ministro_da_ciencia_e_tecnologia_admite_que_orcamento_para_2017_fica_aquem\">Ler not\u00edcia \u00bb<\/a><\/p>\n<hr>\n<h5 class=\"documentFirstHeading\">Ministro da Ci\u00eancia e Tecnologia admite que Or\u00e7amento &#8220;fica aqu\u00e9m&#8221; (Not\u00edcias ao Minuto)<\/h5>\n<p>20-10-2016<\/p>\n<p><a href=\"https:\/\/www.noticiasaominuto.com\/pais\/673919\/ministro-da-ciencia-e-tecnologia-admite-que-orcamento-fica-aquem\">Ler not\u00edcia \u00bb<\/a><\/p>\n<hr>\n<h5 class=\"documentFirstHeading\">Ministro reconhece que aumento na Ci\u00eancia &#8220;fica aqu\u00e9m daquilo que queremos&#8221; (R\u00e1dio Renascen\u00e7a)<\/h5>\n<p>20-10-2016<\/p>\n<p><a href=\"http:\/\/rr.sapo.pt\/noticia\/66567\/ministro_reconhece_que_aumento_na_ciencia_fica_aquem_daquilo_que_quere\">Ler not\u00edcia \u00bb<\/a><\/p>\n<hr>\n<h5 class=\"documentFirstHeading\">Ministro da Ci\u00eancia e Tecnologia admite que Or\u00e7amento para 2017 na \u00e1rea fica aqu\u00e9m apesar do aumento (Observador)<\/h5>\n<p>20-10-2016<\/p>\n<p><a href=\"http:\/\/observador.pt\/2016\/10\/20\/ministro-da-ciencia-e-tecnologia-admite-que-orcamento-para-2017-na-area-fica-aquem-apesar-do-aumento\/\">Ler not\u00edcia \u00bb<\/a><\/p>\n<hr>\n<h5 class=\"documentFirstHeading\">Ministro da Ci\u00eancia e Tecnologia admite que or\u00e7amento para 2017 &#8220;fica aqu\u00e9m&#8221; (Di\u00e1rio de Not\u00edcias da Madeira)<\/h5>\n<p>20-10-2016<\/p>\n<p><a href=\"http:\/\/www.dnoticias.pt\/pais\/ministro-da-ciencia-e-tecnologia-admite-que-orcamento-para-2017-fica-aquem-MB245295\" class=\"broken_link\">Ler not\u00edcia \u00bb<\/a><\/p>\n<hr>\n<h5 class=\"documentFirstHeading\">Porto debate ind\u00fastria do s\u00e9culo XXI (BIT Magazine)<\/h5>\n<p>19-10-2016<\/p>\n<p><a href=\"http:\/\/www.bit.pt\/porto-debate-industria-do-seculo-xxi\/\" class=\"broken_link\">Ler not\u00edcia \u00bb<\/a><\/p>\n<hr>\n<h5 class=\"documentFirstHeading\">O futuro das f\u00e1bricas como as conhecemos vai ser debatido no Porto (Sapo Tek Online)<\/h5>\n<p>19-10-2016<\/p>\n<p><a href=\"http:\/\/forumdooutono.inesctec.pt\/wp-content\/uploads\/2016\/07\/19-10-2016-O-futuro-das-f\u00e1bricas-como-as-conhecemos-vai-ser-debatido-no-Porto-Sapo-Tek.pdf\">Ler not\u00edcia \u00bb<\/a><\/p>\n<hr>\n<h5 class=\"documentFirstHeading\">\u2018A F\u00e1brica do Futuro: que caminho para a ind\u00fastria no s\u00e9culo XXI?\u2019em debate no Porto (Jornal Econ\u00f3mico)<\/h5>\n<p>19-10-2016<\/p>\n<p><a href=\"http:\/\/www.jornaleconomico.sapo.pt\/noticias\/fabrica-do-futuro-caminho-industria-no-seculo-xxiem-debate-no-porto-80756\">Ler not\u00edcia \u00bb<\/a><\/p>\n<hr>\n<h5 class=\"documentFirstHeading\">200 pessoas no Porto por causa da F\u00e1brica do Futuro e da Ind\u00fastria no S\u00e9culo XXI (VER Portugal)<\/h5>\n<p>19-10-2016<\/p>\n<p><a href=\"http:\/\/www.verportugal.net\/vp\/pt\/102016\/Economia\/5890\/200-pessoas-no-Porto-por-causa-da-F%C3%A1brica-do-Futuro-e-da-Ind%C3%BAstria-no-S%C3%A9culo-XXI.htm\">Ler not\u00edcia \u00bb<\/a><\/p>\n<hr>\n<h5 class=\"documentFirstHeading\">Entrevista Prof. Am\u00e9rico Azevedo F\u00f3rum INESC TEC do Outono (Porto Canal)<\/h5>\n<p>18-10-2016<\/p>\n<p><a href=\"https:\/\/youtu.be\/BAoJXkdLDjw\">Ver v\u00eddeo \u00bb<\/a><\/p>\n<hr>\n<h5 class=\"documentFirstHeading\">Revista de imprensa &#8211; Prof. Am\u00e9rico Azevedo (RTP)<\/h5>\n<p>18-10-2016<\/p>\n<p><a href=\"https:\/\/www.youtube.com\/watch?v=cG6jOKvfghI\">Ver v\u00eddeo \u00bb<\/a><\/p>\n<hr>\n<p><strong>Sobre o F\u00f3rum do outono: <\/strong>Ciclo de confer\u00eancias organizado anualmente pelo INESC TEC, versando tem\u00e1ticas diferentes, com impacto na sociedade e nas empresas.<\/p>\n<p><strong>Sobre o INESC TEC: <\/strong>O INESC TEC conta com mais 30 anos de experi\u00eancia em I&amp;D e transfer\u00eancia de tecnologia. Com cerca de 300 doutorados, entre mais de 700 investigadores, o instituto agrega 13 centros com compet\u00eancias complementares e vocacionadas para o mercado internacional. O INESC TEC conta com a Universidade do Porto (FEUP, FCUP e FEP), o Instituto de Engenharia de Sistemas e Computadores e o Instituto Polit\u00e9cnico do Porto (ISEP) como Associados e a Universidade do Minho e a Universidade de Tr\u00e1s-os-Montes e Alto Douro como Parceiros Privilegiados. No INESC TEC o saber e os resultados gerados na investiga\u00e7\u00e3o fundamental s\u00e3o tipicamente aplicados em projetos de transfer\u00eancia de tecnologia, garantindo relev\u00e2ncia social acrescentada e imediata.<\/p>\n<p><strong>Mais informa\u00e7\u00f5es: <\/strong>assessoria.imprensa@inesctec.pt<\/p>\n<p>&nbsp;<\/p>\n","protected":false},"excerpt":{"rendered":"<p>Programa | Galeria Multim\u00e9dia | Apresenta\u00e7\u00f5es Oradores Mais de duas centenas de pessoas debateram a F\u00e1brica do Futuro (26-10-2016) Ler not\u00edcia \u00bb &nbsp;F\u00e1brica do Futuro em destaque no F\u00f3rum INESC TEC do Outono (29-09-2016) Ler not\u00edcia \u00bb &nbsp;Como vai ser a f\u00e1brica do futuro? (20-07-2016) Ver v\u00eddeo \u00bb &nbsp; Portugal atrasado na corrida pela quarta [&hellip;]<\/p>\n","protected":false},"author":2,"featured_media":0,"parent":864,"menu_order":4,"comment_status":"closed","ping_status":"closed","template":"","meta":{"ngg_post_thumbnail":0,"footnotes":""},"_links":{"self":[{"href":"https:\/\/forumdooutono-arquivo.inesctec.pt\/index.php\/wp-json\/wp\/v2\/pages\/891"}],"collection":[{"href":"https:\/\/forumdooutono-arquivo.inesctec.pt\/index.php\/wp-json\/wp\/v2\/pages"}],"about":[{"href":"https:\/\/forumdooutono-arquivo.inesctec.pt\/index.php\/wp-json\/wp\/v2\/types\/page"}],"author":[{"embeddable":true,"href":"https:\/\/forumdooutono-arquivo.inesctec.pt\/index.php\/wp-json\/wp\/v2\/users\/2"}],"replies":[{"embeddable":true,"href":"https:\/\/forumdooutono-arquivo.inesctec.pt\/index.php\/wp-json\/wp\/v2\/comments?post=891"}],"version-history":[{"count":5,"href":"https:\/\/forumdooutono-arquivo.inesctec.pt\/index.php\/wp-json\/wp\/v2\/pages\/891\/revisions"}],"predecessor-version":[{"id":1883,"href":"https:\/\/forumdooutono-arquivo.inesctec.pt\/index.php\/wp-json\/wp\/v2\/pages\/891\/revisions\/1883"}],"up":[{"embeddable":true,"href":"https:\/\/forumdooutono-arquivo.inesctec.pt\/index.php\/wp-json\/wp\/v2\/pages\/864"}],"wp:attachment":[{"href":"https:\/\/forumdooutono-arquivo.inesctec.pt\/index.php\/wp-json\/wp\/v2\/media?parent=891"}],"curies":[{"name":"wp","href":"https:\/\/api.w.org\/{rel}","templated":true}]}}