{"id":887,"date":"2017-07-24T10:41:46","date_gmt":"2017-07-24T10:41:46","guid":{"rendered":"http:\/\/forumdooutono.inesctec.pt\/?page_id=887"},"modified":"2019-07-29T11:15:13","modified_gmt":"2019-07-29T11:15:13","slug":"apresentacoes-2016","status":"publish","type":"page","link":"https:\/\/forumdooutono-arquivo.inesctec.pt\/index.php\/edicoes-anteriores\/2016-2\/apresentacoes-2016\/","title":{"rendered":"Apresenta\u00e7\u00f5es 2016"},"content":{"rendered":"<p><a href=\"http:\/\/forumdooutono.inesctec.pt\/index.php\/edicoes-anteriores\/2016-2\/programa\/\"><span style=\"color: #652b1f;\">Programa<\/span><\/a> | <a href=\"http:\/\/forumdooutono.inesctec.pt\/index.php\/edicoes-anteriores\/2016-2\/programa\/\"><span style=\"color: #652b1f;\">Galeria Multim\u00e9dia<\/span><\/a> | <a href=\"http:\/\/forumdooutono.inesctec.pt\/index.php\/edicoes-anteriores\/2016-2\/noticias-2016\/\"><span style=\"color: #652b1f;\">Not\u00edcias<\/span><\/a><\/p>\n<p><a href=\"http:\/\/forumdooutono.inesctec.pt\/wp-content\/uploads\/2016\/07\/harald-egner.pdf\">Harald Egner.pdf<\/a><br \/>\n<a href=\"http:\/\/forumdooutono.inesctec.pt\/wp-content\/uploads\/2016\/07\/gunter-horcher.pdf\">G\u00fcnter H\u00f6rcher<\/a><\/p>\n","protected":false},"excerpt":{"rendered":"<p>Programa | Galeria Multim\u00e9dia | Not\u00edcias Harald Egner.pdf G\u00fcnter H\u00f6rcher<\/p>\n","protected":false},"author":2,"featured_media":0,"parent":864,"menu_order":3,"comment_status":"closed","ping_status":"closed","template":"","meta":{"ngg_post_thumbnail":0,"footnotes":""},"_links":{"self":[{"href":"https:\/\/forumdooutono-arquivo.inesctec.pt\/index.php\/wp-json\/wp\/v2\/pages\/887"}],"collection":[{"href":"https:\/\/forumdooutono-arquivo.inesctec.pt\/index.php\/wp-json\/wp\/v2\/pages"}],"about":[{"href":"https:\/\/forumdooutono-arquivo.inesctec.pt\/index.php\/wp-json\/wp\/v2\/types\/page"}],"author":[{"embeddable":true,"href":"https:\/\/forumdooutono-arquivo.inesctec.pt\/index.php\/wp-json\/wp\/v2\/users\/2"}],"replies":[{"embeddable":true,"href":"https:\/\/forumdooutono-arquivo.inesctec.pt\/index.php\/wp-json\/wp\/v2\/comments?post=887"}],"version-history":[{"count":4,"href":"https:\/\/forumdooutono-arquivo.inesctec.pt\/index.php\/wp-json\/wp\/v2\/pages\/887\/revisions"}],"predecessor-version":[{"id":1882,"href":"https:\/\/forumdooutono-arquivo.inesctec.pt\/index.php\/wp-json\/wp\/v2\/pages\/887\/revisions\/1882"}],"up":[{"embeddable":true,"href":"https:\/\/forumdooutono-arquivo.inesctec.pt\/index.php\/wp-json\/wp\/v2\/pages\/864"}],"wp:attachment":[{"href":"https:\/\/forumdooutono-arquivo.inesctec.pt\/index.php\/wp-json\/wp\/v2\/media?parent=887"}],"curies":[{"name":"wp","href":"https:\/\/api.w.org\/{rel}","templated":true}]}}