{"id":880,"date":"2017-07-24T10:33:20","date_gmt":"2017-07-24T10:33:20","guid":{"rendered":"http:\/\/forumdooutono.inesctec.pt\/?page_id=880"},"modified":"2019-07-29T11:14:49","modified_gmt":"2019-07-29T11:14:49","slug":"galeria-multimedia","status":"publish","type":"page","link":"https:\/\/forumdooutono-arquivo.inesctec.pt\/index.php\/edicoes-anteriores\/2016-2\/galeria-multimedia\/","title":{"rendered":"Galeria Multim\u00e9dia 2016"},"content":{"rendered":"<p>&nbsp;<\/p>\n<h5>Fotografias<\/h5>\n<p><a href=\"http:\/\/forumdooutono.inesctec.pt\/index.php\/edicoes-anteriores\/2016-2\/programa\/\">Programa<\/a> | <a href=\"http:\/\/forumdooutono.inesctec.pt\/index.php\/edicoes-anteriores\/2016-2\/apresentacoes-2016\/\">Apresenta\u00e7\u00f5es<\/a> | <a href=\"http:\/\/forumdooutono.inesctec.pt\/index.php\/edicoes-anteriores\/2016-2\/noticias-2016\/\">Not\u00edcias<\/a><\/p>\n<p><p>Invalid Displayed Gallery<\/p><\/p>\n<p>&nbsp;<\/p>\n<h5>V\u00eddeos<\/h5>\n<p>Como vai ser a f\u00e1brica do futuro?<\/p>\n<p><a href=\"http:\/\/forumdooutono.inesctec.pt\/index.php\/2016\/07\/20\/como-vai-ser-a-fabrica-do-futuro\/?lang=pt\">Ver v\u00eddeo\u00bb<\/a><\/p>\n","protected":false},"excerpt":{"rendered":"<p>&nbsp; Fotografias Programa | Apresenta\u00e7\u00f5es | Not\u00edcias Invalid Displayed Gallery &nbsp; V\u00eddeos Como vai ser a f\u00e1brica do futuro? Ver v\u00eddeo\u00bb<\/p>\n","protected":false},"author":2,"featured_media":0,"parent":864,"menu_order":2,"comment_status":"closed","ping_status":"closed","template":"","meta":{"ngg_post_thumbnail":0,"footnotes":""},"_links":{"self":[{"href":"https:\/\/forumdooutono-arquivo.inesctec.pt\/index.php\/wp-json\/wp\/v2\/pages\/880"}],"collection":[{"href":"https:\/\/forumdooutono-arquivo.inesctec.pt\/index.php\/wp-json\/wp\/v2\/pages"}],"about":[{"href":"https:\/\/forumdooutono-arquivo.inesctec.pt\/index.php\/wp-json\/wp\/v2\/types\/page"}],"author":[{"embeddable":true,"href":"https:\/\/forumdooutono-arquivo.inesctec.pt\/index.php\/wp-json\/wp\/v2\/users\/2"}],"replies":[{"embeddable":true,"href":"https:\/\/forumdooutono-arquivo.inesctec.pt\/index.php\/wp-json\/wp\/v2\/comments?post=880"}],"version-history":[{"count":7,"href":"https:\/\/forumdooutono-arquivo.inesctec.pt\/index.php\/wp-json\/wp\/v2\/pages\/880\/revisions"}],"predecessor-version":[{"id":1881,"href":"https:\/\/forumdooutono-arquivo.inesctec.pt\/index.php\/wp-json\/wp\/v2\/pages\/880\/revisions\/1881"}],"up":[{"embeddable":true,"href":"https:\/\/forumdooutono-arquivo.inesctec.pt\/index.php\/wp-json\/wp\/v2\/pages\/864"}],"wp:attachment":[{"href":"https:\/\/forumdooutono-arquivo.inesctec.pt\/index.php\/wp-json\/wp\/v2\/media?parent=880"}],"curies":[{"name":"wp","href":"https:\/\/api.w.org\/{rel}","templated":true}]}}