{"id":44,"date":"2016-07-19T15:39:45","date_gmt":"2016-07-19T15:39:45","guid":{"rendered":"http:\/\/forumdooutono.inesctec.pt\/?page_id=44"},"modified":"2022-10-26T09:10:49","modified_gmt":"2022-10-26T09:10:49","slug":"inscricoes","status":"publish","type":"page","link":"https:\/\/forumdooutono-arquivo.inesctec.pt\/index.php\/inscricoes\/","title":{"rendered":"Inscri\u00e7\u00f5es"},"content":{"rendered":"\n<p><em>Brevemente dispon\u00edvel<\/em><\/p>\n\n\n\n<div style=\"height:20px\" aria-hidden=\"true\" class=\"wp-block-spacer\"><\/div>\n\n\n\n<p><strong><em>Pol\u00edtica de Privacidade<\/em><\/strong><\/p>\n\n\n\n<p><em>Os dados pessoais recolhidos ao inscrever-se neste evento ser\u00e3o utilizados apenas pelo INESC TEC, e exclusivamente para efeitos da inscri\u00e7\u00e3o e gest\u00e3o do evento, sendo eliminados no prazo de 90 dias \u00fateis ap\u00f3s a sua realiza\u00e7\u00e3o.<\/em><\/p>\n\n\n\n<p><em>Neste evento ser\u00e3o captados fotografias e v\u00eddeos que poder\u00e3o ser utilizados apenas para fins promocionais e informativos. Assim, o INESC TEC poder\u00e1 utilizar a fotografia\/v\u00eddeo em publica\u00e7\u00f5es tais como websites, boletins informativos ou plataformas de redes sociais, entre outros. Se n\u00e3o pretende que sua imagem seja gravada para divulga\u00e7\u00e3o, por favor informe o\/a fot\u00f3grafo\/a e\/ou os organizadores do evento.<\/em><\/p>\n\n\n\n<p><em>No INESC TEC o encarregado de prote\u00e7\u00e3o de dados chama-se Vasco Dias e est\u00e1 dispon\u00edvel atrav\u00e9s do e-mail dpo@inesctec.pt. Poder\u00e1 contact\u00e1-lo para quaisquer quest\u00f5es relacionadas com o tratamento de dados pessoais ou o exerc\u00edcio dos seus direitos acima referidos.<\/em><\/p>\n","protected":false},"excerpt":{"rendered":"<p>Brevemente dispon\u00edvel Pol\u00edtica de Privacidade Os dados pessoais recolhidos ao inscrever-se neste evento ser\u00e3o utilizados apenas pelo INESC TEC, e exclusivamente para efeitos da inscri\u00e7\u00e3o e gest\u00e3o do evento, sendo eliminados no prazo de 90 dias \u00fateis ap\u00f3s a sua realiza\u00e7\u00e3o. Neste evento ser\u00e3o captados fotografias e v\u00eddeos que poder\u00e3o ser utilizados apenas para fins [&hellip;]<\/p>\n","protected":false},"author":2,"featured_media":0,"parent":0,"menu_order":3,"comment_status":"closed","ping_status":"closed","template":"","meta":{"ngg_post_thumbnail":0,"footnotes":""},"_links":{"self":[{"href":"https:\/\/forumdooutono-arquivo.inesctec.pt\/index.php\/wp-json\/wp\/v2\/pages\/44"}],"collection":[{"href":"https:\/\/forumdooutono-arquivo.inesctec.pt\/index.php\/wp-json\/wp\/v2\/pages"}],"about":[{"href":"https:\/\/forumdooutono-arquivo.inesctec.pt\/index.php\/wp-json\/wp\/v2\/types\/page"}],"author":[{"embeddable":true,"href":"https:\/\/forumdooutono-arquivo.inesctec.pt\/index.php\/wp-json\/wp\/v2\/users\/2"}],"replies":[{"embeddable":true,"href":"https:\/\/forumdooutono-arquivo.inesctec.pt\/index.php\/wp-json\/wp\/v2\/comments?post=44"}],"version-history":[{"count":41,"href":"https:\/\/forumdooutono-arquivo.inesctec.pt\/index.php\/wp-json\/wp\/v2\/pages\/44\/revisions"}],"predecessor-version":[{"id":2851,"href":"https:\/\/forumdooutono-arquivo.inesctec.pt\/index.php\/wp-json\/wp\/v2\/pages\/44\/revisions\/2851"}],"wp:attachment":[{"href":"https:\/\/forumdooutono-arquivo.inesctec.pt\/index.php\/wp-json\/wp\/v2\/media?parent=44"}],"curies":[{"name":"wp","href":"https:\/\/api.w.org\/{rel}","templated":true}]}}