{"id":2355,"date":"2020-10-14T08:50:10","date_gmt":"2020-10-14T08:50:10","guid":{"rendered":"http:\/\/forumdooutono.inesctec.pt\/?page_id=2355"},"modified":"2020-10-14T08:50:11","modified_gmt":"2020-10-14T08:50:11","slug":"noticias-2019","status":"publish","type":"page","link":"https:\/\/forumdooutono-arquivo.inesctec.pt\/index.php\/noticias-2019\/","title":{"rendered":"Not\u00edcias 2019"},"content":{"rendered":"\n<h2 class=\"wp-block-heading\">Media<\/h2>\n\n\n\n<h5 class=\"wp-block-heading\">Ministra da Agricultura defende promo\u00e7\u00e3o do \u201cdi\u00e1logo entre a ci\u00eancia e a agricultura\u201d (Jornal Econ\u00f3mico)<\/h5>\n\n\n\n<p>19-11-2019<\/p>\n\n\n\n<p><a href=\"https:\/\/jornaleconomico.sapo.pt\/noticias\/ministra-da-agricultura-defende-promocao-do-dialogo-entre-a-ciencia-e-a-agricultura-515155\">Ler not\u00edcia \u00bb<\/a><\/p>\n\n\n\n<hr class=\"wp-block-separator\"\/>\n\n\n\n<h5 class=\"wp-block-heading\">F\u00f3rum do Outono INESCTEC debate a revolu\u00e7\u00e3o digital no agroalimentar (Vida Rural)<\/h5>\n\n\n\n<p>05-11-2019<\/p>\n\n\n\n<p><a href=\"https:\/\/www.vidarural.pt\/producao\/forum-do-outono-inesctec-debate-a-revolucao-digital-no-agroalimentar\/\">Ler not\u00edcia \u00bb<\/a><\/p>\n","protected":false},"excerpt":{"rendered":"<p>Media Ministra da Agricultura defende promo\u00e7\u00e3o do \u201cdi\u00e1logo entre a ci\u00eancia e a agricultura\u201d (Jornal Econ\u00f3mico) 19-11-2019 Ler not\u00edcia \u00bb F\u00f3rum do Outono INESCTEC debate a revolu\u00e7\u00e3o digital no agroalimentar (Vida Rural) 05-11-2019 Ler not\u00edcia \u00bb<\/p>\n","protected":false},"author":2,"featured_media":0,"parent":0,"menu_order":0,"comment_status":"closed","ping_status":"closed","template":"","meta":{"ngg_post_thumbnail":0,"footnotes":""},"_links":{"self":[{"href":"https:\/\/forumdooutono-arquivo.inesctec.pt\/index.php\/wp-json\/wp\/v2\/pages\/2355"}],"collection":[{"href":"https:\/\/forumdooutono-arquivo.inesctec.pt\/index.php\/wp-json\/wp\/v2\/pages"}],"about":[{"href":"https:\/\/forumdooutono-arquivo.inesctec.pt\/index.php\/wp-json\/wp\/v2\/types\/page"}],"author":[{"embeddable":true,"href":"https:\/\/forumdooutono-arquivo.inesctec.pt\/index.php\/wp-json\/wp\/v2\/users\/2"}],"replies":[{"embeddable":true,"href":"https:\/\/forumdooutono-arquivo.inesctec.pt\/index.php\/wp-json\/wp\/v2\/comments?post=2355"}],"version-history":[{"count":1,"href":"https:\/\/forumdooutono-arquivo.inesctec.pt\/index.php\/wp-json\/wp\/v2\/pages\/2355\/revisions"}],"predecessor-version":[{"id":2356,"href":"https:\/\/forumdooutono-arquivo.inesctec.pt\/index.php\/wp-json\/wp\/v2\/pages\/2355\/revisions\/2356"}],"wp:attachment":[{"href":"https:\/\/forumdooutono-arquivo.inesctec.pt\/index.php\/wp-json\/wp\/v2\/media?parent=2355"}],"curies":[{"name":"wp","href":"https:\/\/api.w.org\/{rel}","templated":true}]}}