{"id":1814,"date":"2019-07-29T08:41:42","date_gmt":"2019-07-29T08:41:42","guid":{"rendered":"http:\/\/forumdooutono.inesctec.pt\/?page_id=1814"},"modified":"2019-07-29T09:24:03","modified_gmt":"2019-07-29T09:24:03","slug":"apresentacoes-2018","status":"publish","type":"page","link":"https:\/\/forumdooutono-arquivo.inesctec.pt\/index.php\/edicoes-anteriores\/edicao-2018\/apresentacoes-2018\/","title":{"rendered":"Apresenta\u00e7\u00f5es 2018"},"content":{"rendered":"\t\t<div data-elementor-type=\"wp-page\" data-elementor-id=\"1814\" class=\"elementor elementor-1814\">\n\t\t\t\t\t\t<section class=\"elementor-section elementor-top-section elementor-element elementor-element-774c1e1 elementor-section-boxed elementor-section-height-default elementor-section-height-default\" data-id=\"774c1e1\" data-element_type=\"section\">\n\t\t\t\t\t\t<div class=\"elementor-container elementor-column-gap-default\">\n\t\t\t\t\t<div class=\"elementor-column elementor-col-100 elementor-top-column elementor-element elementor-element-4061b25\" data-id=\"4061b25\" data-element_type=\"column\">\n\t\t\t<div class=\"elementor-widget-wrap elementor-element-populated\">\n\t\t\t\t\t\t<div class=\"elementor-element elementor-element-652750a elementor-widget elementor-widget-text-editor\" data-id=\"652750a\" data-element_type=\"widget\" data-widget_type=\"text-editor.default\">\n\t\t\t\t<div class=\"elementor-widget-container\">\n\t\t\t\t\t\t\t<p><a href=\"http:\/\/forumdooutono.inesctec.pt\/index.php\/edicoes-anteriores\/edicao-2018\/programa-2018\/\">Programa<\/a>\u00a0|\u00a0<a href=\"http:\/\/forumdooutono.inesctec.pt\/index.php\/galeria-multimedia-2018\/\">Galeria Multim\u00e9dia<\/a>\u00a0|\u00a0<a href=\"http:\/\/forumdooutono.inesctec.pt\/index.php\/edicoes-anteriores\/edicao-2018\/apresentacoes-2018\/\">Apresenta\u00e7\u00f5es Oradores<\/a> | <a href=\"http:\/\/forumdooutono.inesctec.pt\/index.php\/edicoes-anteriores\/edicao-2018\/noticias-2018\/\">Not\u00edcias<\/a><\/p>\t\t\t\t\t\t<\/div>\n\t\t\t\t<\/div>\n\t\t\t\t\t<\/div>\n\t\t<\/div>\n\t\t\t\t\t<\/div>\n\t\t<\/section>\n\t\t\t\t<section class=\"elementor-section elementor-top-section elementor-element elementor-element-ae73965 elementor-section-boxed elementor-section-height-default elementor-section-height-default\" data-id=\"ae73965\" data-element_type=\"section\">\n\t\t\t\t\t\t<div class=\"elementor-container elementor-column-gap-default\">\n\t\t\t\t\t<div class=\"elementor-column elementor-col-100 elementor-top-column elementor-element elementor-element-15939a6\" data-id=\"15939a6\" data-element_type=\"column\">\n\t\t\t<div class=\"elementor-widget-wrap elementor-element-populated\">\n\t\t\t\t\t\t<div class=\"elementor-element elementor-element-0b30b16 elementor-widget elementor-widget-text-editor\" data-id=\"0b30b16\" data-element_type=\"widget\" data-widget_type=\"text-editor.default\">\n\t\t\t\t<div class=\"elementor-widget-container\">\n\t\t\t\t\t\t\t<p><span style=\"color: #800000;\"><a style=\"color: #800000;\" href=\"http:\/\/forumdooutono.inesctec.pt\/wp-content\/uploads\/2018\/11\/Joao-Barros-Veniam-Inesc-TEC_2018-10-23-compressed.pdf\">Jo\u00e3o Barros, Veniam<\/a><\/span><\/p>\t\t\t\t\t\t<\/div>\n\t\t\t\t<\/div>\n\t\t\t\t\t<\/div>\n\t\t<\/div>\n\t\t\t\t\t<\/div>\n\t\t<\/section>\n\t\t\t\t<\/div>\n\t\t","protected":false},"excerpt":{"rendered":"<p>Programa\u00a0|\u00a0Galeria Multim\u00e9dia\u00a0|\u00a0Apresenta\u00e7\u00f5es Oradores | Not\u00edcias Jo\u00e3o Barros, Veniam<\/p>\n","protected":false},"author":2,"featured_media":0,"parent":1770,"menu_order":2,"comment_status":"closed","ping_status":"closed","template":"","meta":{"ngg_post_thumbnail":0,"footnotes":""},"_links":{"self":[{"href":"https:\/\/forumdooutono-arquivo.inesctec.pt\/index.php\/wp-json\/wp\/v2\/pages\/1814"}],"collection":[{"href":"https:\/\/forumdooutono-arquivo.inesctec.pt\/index.php\/wp-json\/wp\/v2\/pages"}],"about":[{"href":"https:\/\/forumdooutono-arquivo.inesctec.pt\/index.php\/wp-json\/wp\/v2\/types\/page"}],"author":[{"embeddable":true,"href":"https:\/\/forumdooutono-arquivo.inesctec.pt\/index.php\/wp-json\/wp\/v2\/users\/2"}],"replies":[{"embeddable":true,"href":"https:\/\/forumdooutono-arquivo.inesctec.pt\/index.php\/wp-json\/wp\/v2\/comments?post=1814"}],"version-history":[{"count":5,"href":"https:\/\/forumdooutono-arquivo.inesctec.pt\/index.php\/wp-json\/wp\/v2\/pages\/1814\/revisions"}],"predecessor-version":[{"id":1842,"href":"https:\/\/forumdooutono-arquivo.inesctec.pt\/index.php\/wp-json\/wp\/v2\/pages\/1814\/revisions\/1842"}],"up":[{"embeddable":true,"href":"https:\/\/forumdooutono-arquivo.inesctec.pt\/index.php\/wp-json\/wp\/v2\/pages\/1770"}],"wp:attachment":[{"href":"https:\/\/forumdooutono-arquivo.inesctec.pt\/index.php\/wp-json\/wp\/v2\/media?parent=1814"}],"curies":[{"name":"wp","href":"https:\/\/api.w.org\/{rel}","templated":true}]}}