{"id":1770,"date":"2019-07-29T07:46:01","date_gmt":"2019-07-29T07:46:01","guid":{"rendered":"http:\/\/forumdooutono.inesctec.pt\/?page_id=1770"},"modified":"2020-10-14T08:31:32","modified_gmt":"2020-10-14T08:31:32","slug":"edicao-2018","status":"publish","type":"page","link":"https:\/\/forumdooutono-arquivo.inesctec.pt\/index.php\/edicoes-anteriores\/edicao-2018\/","title":{"rendered":"2018"},"content":{"rendered":"<p><a href=\"http:\/\/forumdooutono.inesctec.pt\/index.php\/edicoes-anteriores\/edicao-2018\/programa-2018\/\">Programa<\/a>&nbsp;|&nbsp;<a href=\"http:\/\/forumdooutono.inesctec.pt\/index.php\/galeria-multimedia-2018\/\">Galeria Multim\u00e9dia<\/a>&nbsp;|&nbsp;<a href=\"http:\/\/forumdooutono.inesctec.pt\/index.php\/edicoes-anteriores\/edicao-2018\/apresentacoes-2018\/\">Apresenta\u00e7\u00f5es Oradores<\/a> | <a href=\"http:\/\/forumdooutono.inesctec.pt\/index.php\/edicoes-anteriores\/edicao-2018\/noticias-2018\/\">Not\u00edcias<\/a><\/p>\n","protected":false},"excerpt":{"rendered":"<p>Programa&nbsp;|&nbsp;Galeria Multim\u00e9dia&nbsp;|&nbsp;Apresenta\u00e7\u00f5es Oradores | Not\u00edcias<\/p>\n","protected":false},"author":2,"featured_media":0,"parent":25,"menu_order":3,"comment_status":"closed","ping_status":"closed","template":"","meta":{"ngg_post_thumbnail":0,"footnotes":""},"_links":{"self":[{"href":"https:\/\/forumdooutono-arquivo.inesctec.pt\/index.php\/wp-json\/wp\/v2\/pages\/1770"}],"collection":[{"href":"https:\/\/forumdooutono-arquivo.inesctec.pt\/index.php\/wp-json\/wp\/v2\/pages"}],"about":[{"href":"https:\/\/forumdooutono-arquivo.inesctec.pt\/index.php\/wp-json\/wp\/v2\/types\/page"}],"author":[{"embeddable":true,"href":"https:\/\/forumdooutono-arquivo.inesctec.pt\/index.php\/wp-json\/wp\/v2\/users\/2"}],"replies":[{"embeddable":true,"href":"https:\/\/forumdooutono-arquivo.inesctec.pt\/index.php\/wp-json\/wp\/v2\/comments?post=1770"}],"version-history":[{"count":11,"href":"https:\/\/forumdooutono-arquivo.inesctec.pt\/index.php\/wp-json\/wp\/v2\/pages\/1770\/revisions"}],"predecessor-version":[{"id":2344,"href":"https:\/\/forumdooutono-arquivo.inesctec.pt\/index.php\/wp-json\/wp\/v2\/pages\/1770\/revisions\/2344"}],"up":[{"embeddable":true,"href":"https:\/\/forumdooutono-arquivo.inesctec.pt\/index.php\/wp-json\/wp\/v2\/pages\/25"}],"wp:attachment":[{"href":"https:\/\/forumdooutono-arquivo.inesctec.pt\/index.php\/wp-json\/wp\/v2\/media?parent=1770"}],"curies":[{"name":"wp","href":"https:\/\/api.w.org\/{rel}","templated":true}]}}