{"id":1507,"date":"2018-07-10T11:30:28","date_gmt":"2018-07-10T11:30:28","guid":{"rendered":"http:\/\/forumdooutono.inesctec.pt\/?page_id=1507"},"modified":"2019-07-29T11:21:31","modified_gmt":"2019-07-29T11:21:31","slug":"noticias-2017","status":"publish","type":"page","link":"https:\/\/forumdooutono-arquivo.inesctec.pt\/index.php\/edicoes-anteriores\/english-2017\/noticias-2017\/","title":{"rendered":"Not\u00edcias 2017"},"content":{"rendered":"<p><a href=\"http:\/\/forumdooutono.inesctec.pt\/index.php\/edicoes-anteriores\/english-2017\/programa-2017\/?customize_changeset_uuid=f40adaa8-406b-4605-bc92-61475d44400c&amp;customize_autosaved=on&amp;lang=pt\" class=\"broken_link\">Programa<\/a>&nbsp;|&nbsp;<a href=\"http:\/\/forumdooutono.inesctec.pt\/index.php\/edicoes-anteriores\/english-2017\/galeria-multimedia-2017\/?customize_changeset_uuid=f40adaa8-406b-4605-bc92-61475d44400c&amp;customize_autosaved=on&amp;lang=pt\" class=\"broken_link\">Galeria Multim\u00e9dia<\/a>&nbsp;|&nbsp;<a href=\"http:\/\/forumdooutono.inesctec.pt\/index.php\/edicoes-anteriores\/english-2017\/apresentacoes-2107\/?customize_changeset_uuid=f40adaa8-406b-4605-bc92-61475d44400c&amp;customize_autosaved=on&amp;lang=pt\" class=\"broken_link\">Apresenta\u00e7\u00f5es Oradores<\/a><\/p>\n<h5 class=\"documentFirstHeading\">Secret\u00e1rio-geral do F\u00f3rum Oceano defende refor\u00e7o entre investiga\u00e7\u00e3o e empresas (TSF)<\/h5>\n<p>11-10-2017<\/p>\n<p><a href=\"https:\/\/www.tsf.pt\/lusa\/interior\/secretario-geral-do-forum-oceano-defende-reforco-entre-investigacao-e-empresas-8833547.html\">Ler not\u00edcia \u00bb<\/a><\/p>\n<hr>\n<h5 class=\"documentFirstHeading\">Secret\u00e1rio-geral do F\u00f3rum Oceano defende refor\u00e7o entre investiga\u00e7\u00e3o e empresas (RTP)<\/h5>\n<p>11-10-2017<\/p>\n<p><a href=\"https:\/\/www.rtp.pt\/noticias\/pais\/secretario-geral-do-forum-oceano-defende-reforco-entre-investigacao-e-empresas_n1032745\">Ler not\u00edcia \u00bb<\/a><\/p>\n<hr>\n<h5 class=\"documentFirstHeading\">Secret\u00e1rio-geral do F\u00f3rum Oceano defende refor\u00e7o entre investiga\u00e7\u00e3o e empresas (Porto Canal)<\/h5>\n<p>11-10-2017<\/p>\n<p><a href=\"http:\/\/portocanal.sapo.pt\/noticia\/135586\">Ler not\u00edcia \u00bb<\/a><\/p>\n<hr>\n<h5 class=\"documentFirstHeading\">Secret\u00e1rio-geral do F\u00f3rum Oceano defende refor\u00e7o entre investiga\u00e7\u00e3o e empresas (Di\u00e1rio de Not\u00edcias)<\/h5>\n<p>11-10-2017<\/p>\n<p><a href=\"https:\/\/www.dn.pt\/lusa\/interior\/secretario-geral-do-forum-oceano-defende-reforco-entre-investigacao-e-empresas-8833546.html\">Ler not\u00edcia \u00bb<\/a><\/p>\n<hr>\n<h5 class=\"documentFirstHeading\">Os desafios e oportunidades do Mar Portugu\u00eas em debate no Porto (Portos de Portugal)<\/h5>\n<p>10-10-2017<\/p>\n<p>Ler not\u00edcia \u00bb<\/p>\n<hr>\n<h5 class=\"documentFirstHeading\">200 Pessoas reunem-se no Porto para debater os desafios e oportunidades do Mar Portugu\u00eas (N\u00e1utica Press)<\/h5>\n<p>10-10-2017<\/p>\n<p>Ler not\u00edcia \u00bb<\/p>\n<hr>\n<h5 class=\"documentFirstHeading\">Os desafios e oportunidades do Mar Portugu\u00eas em debate no Porto (Ambiente Magazine)<\/h5>\n<p>09-10-2017<\/p>\n<p><a href=\"http:\/\/www.ambientemagazine.com\/os-desafios-e-oportunidades-do-mar-portugues-em-debate-no-porto\/\">Ler not\u00edcia \u00bb<\/a><\/p>\n<hr>\n<h5 class=\"documentFirstHeading\">200 pessoas reunem-se no Porto para debater os desafios e oportunidades do mar portugu\u00eas (Nota de Imprensa)<\/h5>\n<p>09-10-2017<\/p>\n<p>Ler not\u00edcia \u00bb<\/p>\n<p>&nbsp;<\/p>\n<p>&nbsp;<\/p>\n<hr>\n<p><strong>Sobre o F\u00f3rum do outono: <\/strong>Ciclo de confer\u00eancias organizado anualmente pelo INESC TEC, versando tem\u00e1ticas diferentes, com impacto na sociedade e nas empresas.<\/p>\n<p><strong>Sobre o INESC TEC: <\/strong>O INESC TEC conta com mais 30 anos de experi\u00eancia em I&amp;D e transfer\u00eancia de tecnologia. Com cerca de 300 doutorados, entre mais de 700 investigadores, o instituto agrega 13 centros com compet\u00eancias complementares e vocacionadas para o mercado internacional. O INESC TEC conta com a Universidade do Porto (FEUP, FCUP e FEP), o Instituto de Engenharia de Sistemas e Computadores e o Instituto Polit\u00e9cnico do Porto (ISEP) como Associados e a Universidade do Minho e a Universidade de Tr\u00e1s-os-Montes e Alto Douro como Parceiros Privilegiados. No INESC TEC o saber e os resultados gerados na investiga\u00e7\u00e3o fundamental s\u00e3o tipicamente aplicados em projetos de transfer\u00eancia de tecnologia, garantindo relev\u00e2ncia social acrescentada e imediata.<\/p>\n<p><strong>Mais informa\u00e7\u00f5es: <\/strong>assessoria.imprensa@inesctec.pt<\/p>\n","protected":false},"excerpt":{"rendered":"<p>Programa&nbsp;|&nbsp;Galeria Multim\u00e9dia&nbsp;|&nbsp;Apresenta\u00e7\u00f5es Oradores Secret\u00e1rio-geral do F\u00f3rum Oceano defende refor\u00e7o entre investiga\u00e7\u00e3o e empresas (TSF) 11-10-2017 Ler not\u00edcia \u00bb Secret\u00e1rio-geral do F\u00f3rum Oceano defende refor\u00e7o entre investiga\u00e7\u00e3o e empresas (RTP) 11-10-2017 Ler not\u00edcia \u00bb Secret\u00e1rio-geral do F\u00f3rum Oceano defende refor\u00e7o entre investiga\u00e7\u00e3o e empresas (Porto Canal) 11-10-2017 Ler not\u00edcia \u00bb Secret\u00e1rio-geral do F\u00f3rum Oceano defende refor\u00e7o [&hellip;]<\/p>\n","protected":false},"author":2,"featured_media":0,"parent":1493,"menu_order":0,"comment_status":"closed","ping_status":"closed","template":"","meta":{"ngg_post_thumbnail":0,"footnotes":""},"_links":{"self":[{"href":"https:\/\/forumdooutono-arquivo.inesctec.pt\/index.php\/wp-json\/wp\/v2\/pages\/1507"}],"collection":[{"href":"https:\/\/forumdooutono-arquivo.inesctec.pt\/index.php\/wp-json\/wp\/v2\/pages"}],"about":[{"href":"https:\/\/forumdooutono-arquivo.inesctec.pt\/index.php\/wp-json\/wp\/v2\/types\/page"}],"author":[{"embeddable":true,"href":"https:\/\/forumdooutono-arquivo.inesctec.pt\/index.php\/wp-json\/wp\/v2\/users\/2"}],"replies":[{"embeddable":true,"href":"https:\/\/forumdooutono-arquivo.inesctec.pt\/index.php\/wp-json\/wp\/v2\/comments?post=1507"}],"version-history":[{"count":10,"href":"https:\/\/forumdooutono-arquivo.inesctec.pt\/index.php\/wp-json\/wp\/v2\/pages\/1507\/revisions"}],"predecessor-version":[{"id":1887,"href":"https:\/\/forumdooutono-arquivo.inesctec.pt\/index.php\/wp-json\/wp\/v2\/pages\/1507\/revisions\/1887"}],"up":[{"embeddable":true,"href":"https:\/\/forumdooutono-arquivo.inesctec.pt\/index.php\/wp-json\/wp\/v2\/pages\/1493"}],"wp:attachment":[{"href":"https:\/\/forumdooutono-arquivo.inesctec.pt\/index.php\/wp-json\/wp\/v2\/media?parent=1507"}],"curies":[{"name":"wp","href":"https:\/\/api.w.org\/{rel}","templated":true}]}}