{"id":132,"date":"2016-07-20T14:40:50","date_gmt":"2016-07-20T14:40:50","guid":{"rendered":"http:\/\/wordix.inesctec.pt\/wp-forumoutono\/?page_id=132"},"modified":"2020-10-14T08:59:27","modified_gmt":"2020-10-14T08:59:27","slug":"media","status":"publish","type":"page","link":"https:\/\/forumdooutono-arquivo.inesctec.pt\/index.php\/comunicacao\/media\/","title":{"rendered":"Media"},"content":{"rendered":"\t\t<div data-elementor-type=\"wp-page\" data-elementor-id=\"132\" class=\"elementor elementor-132\">\n\t\t\t\t\t\t<section class=\"elementor-section elementor-top-section elementor-element elementor-element-750fd3d0 elementor-section-boxed elementor-section-height-default elementor-section-height-default\" data-id=\"750fd3d0\" data-element_type=\"section\">\n\t\t\t\t\t\t<div class=\"elementor-container elementor-column-gap-default\">\n\t\t\t\t\t<div class=\"elementor-column elementor-col-100 elementor-top-column elementor-element elementor-element-69ade1f4\" data-id=\"69ade1f4\" data-element_type=\"column\">\n\t\t\t<div class=\"elementor-widget-wrap elementor-element-populated\">\n\t\t\t\t\t\t<div class=\"elementor-element elementor-element-7a91507 elementor-widget elementor-widget-text-editor\" data-id=\"7a91507\" data-element_type=\"widget\" data-widget_type=\"text-editor.default\">\n\t\t\t\t<div class=\"elementor-widget-container\">\n\t\t\t\t\t\t\t<p><a href=\"http:\/\/forumdooutono.inesctec.pt\/index.php\/comunicacao\/noticias\/\"><span style=\"color: #652b1f;\">Not\u00edcias<\/span><\/a> | <a href=\"http:\/\/forumdooutono.inesctec.pt\/index.php\/comunicacao\/galeria-multimedia\/\"><span style=\"color: #652b1f;\">Galeria Multim\u00e9dia<\/span><\/a><\/p><hr \/><p><strong>Sobre o F\u00f3rum do outono: <\/strong>Ciclo de confer\u00eancias organizado anualmente pelo INESC TEC, versando tem\u00e1ticas diferentes, com impacto na sociedade e nas empresas.<\/p><p><strong>Sobre o INESC TEC: <\/strong>O INESC TEC conta com mais 30 anos de experi\u00eancia em I&amp;D e transfer\u00eancia de tecnologia. Com cerca de 300 doutorados, entre mais de 700 investigadores, o instituto agrega 13 centros com compet\u00eancias complementares e vocacionadas para o mercado internacional. O INESC TEC conta com a Universidade do Porto (FEUP, FCUP e FEP), o Instituto de Engenharia de Sistemas e Computadores e o Instituto Polit\u00e9cnico do Porto (ISEP) como Associados e a Universidade do Minho e a Universidade de Tr\u00e1s-os-Montes e Alto Douro como Parceiros Privilegiados. No INESC TEC o saber e os resultados gerados na investiga\u00e7\u00e3o fundamental s\u00e3o tipicamente aplicados em projetos de transfer\u00eancia de tecnologia, garantindo relev\u00e2ncia social acrescentada e imediata.<\/p><p><strong>Mais informa\u00e7\u00f5es: <\/strong>assessoria.imprensa@inesctec.pt<\/p><p>\u00a0<\/p>\t\t\t\t\t\t<\/div>\n\t\t\t\t<\/div>\n\t\t\t\t\t<\/div>\n\t\t<\/div>\n\t\t\t\t\t<\/div>\n\t\t<\/section>\n\t\t\t\t<\/div>\n\t\t","protected":false},"excerpt":{"rendered":"<p>Not\u00edcias | Galeria Multim\u00e9dia Sobre o F\u00f3rum do outono: Ciclo de confer\u00eancias organizado anualmente pelo INESC TEC, versando tem\u00e1ticas diferentes, com impacto na sociedade e nas empresas. Sobre o INESC TEC: O INESC TEC conta com mais 30 anos de experi\u00eancia em I&amp;D e transfer\u00eancia de tecnologia. Com cerca de 300 doutorados, entre mais de [&hellip;]<\/p>\n","protected":false},"author":2,"featured_media":0,"parent":53,"menu_order":1,"comment_status":"closed","ping_status":"closed","template":"","meta":{"ngg_post_thumbnail":0,"footnotes":""},"_links":{"self":[{"href":"https:\/\/forumdooutono-arquivo.inesctec.pt\/index.php\/wp-json\/wp\/v2\/pages\/132"}],"collection":[{"href":"https:\/\/forumdooutono-arquivo.inesctec.pt\/index.php\/wp-json\/wp\/v2\/pages"}],"about":[{"href":"https:\/\/forumdooutono-arquivo.inesctec.pt\/index.php\/wp-json\/wp\/v2\/types\/page"}],"author":[{"embeddable":true,"href":"https:\/\/forumdooutono-arquivo.inesctec.pt\/index.php\/wp-json\/wp\/v2\/users\/2"}],"replies":[{"embeddable":true,"href":"https:\/\/forumdooutono-arquivo.inesctec.pt\/index.php\/wp-json\/wp\/v2\/comments?post=132"}],"version-history":[{"count":24,"href":"https:\/\/forumdooutono-arquivo.inesctec.pt\/index.php\/wp-json\/wp\/v2\/pages\/132\/revisions"}],"predecessor-version":[{"id":2364,"href":"https:\/\/forumdooutono-arquivo.inesctec.pt\/index.php\/wp-json\/wp\/v2\/pages\/132\/revisions\/2364"}],"up":[{"embeddable":true,"href":"https:\/\/forumdooutono-arquivo.inesctec.pt\/index.php\/wp-json\/wp\/v2\/pages\/53"}],"wp:attachment":[{"href":"https:\/\/forumdooutono-arquivo.inesctec.pt\/index.php\/wp-json\/wp\/v2\/media?parent=132"}],"curies":[{"name":"wp","href":"https:\/\/api.w.org\/{rel}","templated":true}]}}